{"id":1056,"date":"2020-11-21T17:46:15","date_gmt":"2020-11-21T16:46:15","guid":{"rendered":"https:\/\/fes-heidenheim.de\/grundschule\/?page_id=1056"},"modified":"2026-03-06T11:23:49","modified_gmt":"2026-03-06T10:23:49","slug":"menschen","status":"publish","type":"page","link":"https:\/\/fes-heidenheim.de\/grundschule\/menschen\/","title":{"rendered":"Menschen"},"content":{"rendered":"<p>[et_pb_section fb_built=\u201c1\u201d admin_label=\u201cTeam 1\u201d module_class=\u201csfly_team sfly_team_1\u201d _builder_version=\u201c4.16\u201d background_color=\u201c#F2F2F2\u201d global_colors_info=\u201d{}\u201d][et_pb_row _builder_version=\u201c4.16\u201d _module_preset=\u201cdefault\u201d custom_padding=\u201c0px||0px|||\u201d locked=\u201coff\u201d global_colors_info=\u201d{}\u201d][et_pb_column type=\u201c4_4\u201d _builder_version=\u201c4.16\u201d _module_preset=\u201cdefault\u201d global_colors_info=\u201d{}\u201d][et_pb_image src=\u201chttps:\/\/fes-heidenheim.de\/grundschule\/wp-content\/uploads\/sites\/2\/2020\/06\/fes-logo2020-web-mob.png\u201d alt=\u201cfes Fis\u00adchchen\u201d title_text=\u201cfes-logo2020-web-mob\u201d align=\u201ccenter\u201d _builder_version=\u201c4.16\u201d _module_preset=\u201cdefault\u201d width=\u201c5%\u201d custom_margin=\u201d||9px|||\u201d global_colors_info=\u201d{}\u201d][\/et_pb_image][et_pb_text _builder_version=\u201c4.16\u201d _module_preset=\u201cdefault\u201d global_colors_info=\u201d{}\u201d]<\/p>\n<h4 style=\"text-align: center;\">Schulleitung<\/h4>\n<p>[\/et_pb_text][\/et_pb_column][\/et_pb_row][et_pb_row column_structure=\u201c1_3,2_3\u201d admin_label=\u201cTimo Berg\u00adert\u201d _builder_version=\u201c4.16\u201d global_colors_info=\u201d{}\u201d][et_pb_column type=\u201c1_3\u201d module_class=\u201ccolumn1\u201d _builder_version=\u201c4.16\u201d custom_padding=\u201d|||\u201d global_colors_info=\u201d{}\u201d custom_padding__hover=\u201d|||\u201d][et_pb_image src=\u201chttps:\/\/fes-heidenheim.de\/grundschule\/wp-content\/uploads\/sites\/4\/2022\/01\/timo-bergert-aktuell.jpg\u201d alt=\u201cTimo Berg\u00adert, Schulleit\u00ader der Grund\u00adschule FES-Hei\u00adden\u00adheim\u201d title_text=\u201ctimo-bergert-aktuell\u201d align=\u201ccenter\u201d align_tablet=\u201ccenter\u201d align_phone=\u201d\u201d align_last_edited=\u201con|desktop\u201d _builder_version=\u201c4.16\u201d animation_style=\u201cfade\u201d animation_duration=\u201c1500ms\u201d box_shadow_style=\u201cpreset1\u201d box_shadow_vertical=\u201c0px\u201d box_shadow_blur=\u201c80px\u201d box_shadow_color=\u201crgba(0,0,0,0.1)\u201d global_colors_info=\u201d{}\u201d][\/et_pb_image][\/et_pb_column][et_pb_column type=\u201c2_3\u201d module_class=\u201ccolumn2\u201d _builder_version=\u201c4.16\u201d custom_padding=\u201d|||\u201d global_colors_info=\u201d{}\u201d custom_padding__hover=\u201d|||\u201d][et_pb_text quote_border_weight=\u201c0px\u201d quote_border_color=\u201crgba(0,0,0,0)\u201d _builder_version=\u201c4.16\u201d text_font=\u201d||||||||\u201d link_font=\u201d|100|||on|||#000000|\u201d link_text_color=\u201c#000000\u201d quote_font=\u201cPlayfair Display||on||||||\u201d quote_text_color=\u201c#000000\u201d quote_line_height=\u201c1.3em\u201d header_font=\u201d|700|||||||\u201d header_2_font=\u201d|700|||||||\u201d header_3_font=\u201d|700|||||||\u201d header_3_text_color=\u201c#000000\u201d header_4_letter_spacing=\u201c12px\u201d header_5_font=\u201d|300|||||||\u201d header_5_text_color=\u201d#bfbfbf\u201d header_5_letter_spacing=\u201c12px\u201d header_6_font=\u201d|700|||||||\u201d header_6_letter_spacing=\u201c12px\u201d module_alignment=\u201cleft\u201d custom_margin=\u201d||30px|\u201d custom_margin_tablet=\u201d\u201d custom_margin_phone=\u201d\u201d custom_margin_last_edited=\u201con|tablet\u201d quote_font_size_tablet=\u201d\u201d quote_font_size_phone=\u201d\u201d quote_font_size_last_edited=\u201con|desktop\u201d saved_tabs=\u201call\u201d locked=\u201coff\u201d global_colors_info=\u201d{}\u201d]<\/p>\n<h2>Timo Bergert<\/h2>\n<p><em>Schulleit\u00ader FES Grundschule<br><\/em><\/p>\n<p><strong>\u201eDu bist mein Herr, mein ganzes Gl\u00fcck! Darum freue ich mich \u00fcber alle, die nach deinem Willen leben. Auf sie kommt es im Land entschei\u00addend an!\u201c<\/strong> (Psalm 16, 2\u20133)<\/p>\n<p>Mit diesen auf\u00adbauen\u00adden Worten des Psalmis\u00adten gr\u00fc\u00dfe ich Sie recht her\u00adzlich und hei\u00dfe Sie willkom\u00admen an unser\u00ader Grundschule.<\/p>\n<p>Ist es nicht des \u00d6fteren so, dass die Welt sich viel zu schnell um einen herum zu drehen scheint und einen dann das Gef\u00fchl beschle\u00adicht, nicht mehr zu wis\u00adsen, wo man eigentlich fes\u00adten Halt unter den F\u00fc\u00dfen find\u00adet? Nach dem Willen Gottes zu leben und sich an seine Weisun\u00adgen zu hal\u00adten bringt Halt und Sta\u00adbil\u00adit\u00e4t im Leben. Das ist es auch, was wir als Schule Ihrem Kind mit auf den Lebensweg geben m\u00f6cht\u00aden. Eigene Spuren machen k\u00f6n\u00adnen, dabei sich\u00ader und ger\u00adadlin\u00adig voran zu gehen und immer zu wis\u00adsen, dass, auch wenn man ein\u00admal f\u00e4llt, man niemals tiefer als in Gottes sch\u00fctzende H\u00e4nde fall\u00aden kann. Auf solche Men\u00adschen kommt es auch bei uns hier in Deutsch\u00adland entschei\u00addend an, so wie es David&nbsp;sagte.<\/p>\n<p>Gemein\u00adsam mit mein\u00ader Frau und unseren&nbsp;drei Kindern lebe ich in Heidenheim.<\/p>\n<p>Es bere\u00adit\u00adet mir schon immer sehr viel Freude mit Men\u00adschen zusam\u00admen zu arbeit\u00aden, gemein\u00adsam Gottes Wort zu erfahren und dabei auch durch meine eigene Per\u00adson zeigen zu k\u00f6n\u00adnen, dass sich Glaube, beru\u00adflich\u00ades und allt\u00e4glich\u00ades Leben in unser\u00ader heuti\u00adgen Gesellschaft sehr gut verbinden und vere\u00adin\u00adbaren&nbsp;l\u00e4sst.<\/p>\n<p>Ich bin seit Beginn des Schul\u00adjahres 2007\/08 an der Freien Evan\u00adge\u00adlis\u00adchen Schule t\u00e4tig und gl\u00fcck\u00adlich, wie auch dankbar, an solch ein\u00ader beson\u00adderen Schule arbeit\u00aden zu k\u00f6n\u00adnen. Eine Schule, deren gesamtes Umfeld auf Fre\u00adund\u00adschaft, Miteinan\u00adder und beson\u00adders auf dem Fun\u00adda\u00adment der Bibel mit dem Glauben an Jesus Chris\u00adtus aufge\u00adbaut ist, verbindet all das, was echt\u00ades Leben aus\u00admacht. Ich freue mich t\u00e4glich auf eine gute Zusam\u00adme\u00adnar\u00adbeit mit meinen Kol\u00adle\u00adgen, allen Sch\u00fc\u00adlerin\u00adnen und Sch\u00fclern unser\u00ader Schule und nat\u00fcr\u00adlich auch allen dazuge\u00adh\u00f6ri\u00adgen Eltern und Fre\u00adun\u00adden der Schule.<\/p>\n<p>Mit fre\u00adundlichem Gru\u00df und Gottes Segen<\/p>\n<p>Timo Berg\u00adert<\/p>\n<p>[\/et_pb_text][\/et_pb_column][\/et_pb_row][\/et_pb_section][et_pb_section fb_built=\u201c1\u201d admin_label=\u201cTeam 1\u201d _builder_version=\u201c4.16\u201d background_color=\u201crgba(121,198,192,0.22)\u201d global_colors_info=\u201d{}\u201d][et_pb_row _builder_version=\u201c4.16\u201d _module_preset=\u201cdefault\u201d custom_padding=\u201c0px||0px|||\u201d locked=\u201coff\u201d global_colors_info=\u201d{}\u201d][et_pb_column type=\u201c4_4\u201d _builder_version=\u201c4.16\u201d _module_preset=\u201cdefault\u201d global_colors_info=\u201d{}\u201d][et_pb_image src=\u201chttps:\/\/fes-heidenheim.de\/grundschule\/wp-content\/uploads\/sites\/2\/2020\/06\/fes-logo2020-web-mob.png\u201d alt=\u201cfes Fis\u00adchchen\u201d title_text=\u201cfes-logo2020-web-mob\u201d align=\u201ccenter\u201d _builder_version=\u201c4.16\u201d _module_preset=\u201cdefault\u201d width=\u201c5%\u201d custom_margin=\u201d||9px|||\u201d global_colors_info=\u201d{}\u201d][\/et_pb_image][et_pb_text _builder_version=\u201c4.16\u201d _module_preset=\u201cdefault\u201d global_colors_info=\u201d{}\u201d]<\/p>\n<h4 style=\"text-align: center;\">Elternbeirat<\/h4>\n<p>[\/et_pb_text][\/et_pb_column][\/et_pb_row][et_pb_row column_structure=\u201c1_3,2_3\u201d _builder_version=\u201c4.16\u201d min_height=\u201c384px\u201d global_colors_info=\u201d{}\u201d][et_pb_column type=\u201c1_3\u201d module_class=\u201ccolumn1\u201d _builder_version=\u201c4.16\u201d custom_padding=\u201d|||\u201d global_colors_info=\u201d{}\u201d custom_padding__hover=\u201d|||\u201d][et_pb_image src=\u201chttps:\/\/fes-heidenheim.de\/grundschule\/wp-content\/uploads\/sites\/2\/2020\/11\/fes-grundschule-elternbeiratsvs.jpg\u201d title_text=\u201cfes-grundschule-elternbeiratsvs\u201d align=\u201ccenter\u201d align_tablet=\u201ccenter\u201d align_phone=\u201d\u201d align_last_edited=\u201con|desktop\u201d _builder_version=\u201c4.16\u201d animation_style=\u201cfade\u201d animation_duration=\u201c1500ms\u201d box_shadow_style=\u201cpreset1\u201d box_shadow_vertical=\u201c0px\u201d box_shadow_blur=\u201c80px\u201d box_shadow_color=\u201crgba(0,0,0,0.1)\u201d global_colors_info=\u201d{}\u201d][\/et_pb_image][\/et_pb_column][et_pb_column type=\u201c2_3\u201d module_class=\u201ccolumn2\u201d _builder_version=\u201c4.16\u201d custom_padding=\u201d|||\u201d global_colors_info=\u201d{}\u201d custom_padding__hover=\u201d|||\u201d][et_pb_text quote_border_weight=\u201c0px\u201d quote_border_color=\u201crgba(0,0,0,0)\u201d _builder_version=\u201c4.16\u201d text_font=\u201d||||||||\u201d link_font=\u201d|100|||on|||#000000|\u201d link_text_color=\u201c#000000\u201d quote_font=\u201cPlayfair Display||on||||||\u201d quote_text_color=\u201c#000000\u201d quote_line_height=\u201c1.3em\u201d header_font=\u201d|700|||||||\u201d header_2_font=\u201d|700|||||||\u201d header_3_font=\u201d|700|||||||\u201d header_3_text_color=\u201c#000000\u201d header_4_letter_spacing=\u201c12px\u201d header_5_font=\u201d|300|||||||\u201d header_5_text_color=\u201d#bfbfbf\u201d header_5_letter_spacing=\u201c12px\u201d header_6_font=\u201d|700|||||||\u201d header_6_letter_spacing=\u201c12px\u201d module_alignment=\u201cleft\u201d custom_margin=\u201d||30px|\u201d custom_margin_tablet=\u201d\u201d custom_margin_phone=\u201d\u201d custom_margin_last_edited=\u201con|tablet\u201d quote_font_size_tablet=\u201d\u201d quote_font_size_phone=\u201d\u201d quote_font_size_last_edited=\u201con|desktop\u201d saved_tabs=\u201call\u201d locked=\u201coff\u201d global_colors_info=\u201d{}\u201d]<\/p>\n<h2>Vera Engels<\/h2>\n<p><em>Eltern\u00adbeiratsvor\u00adsitzende FES Grund\u00adschule<br> <\/em><\/p>\n<p>Mein Name ist Vera Engels und ich bin seit dem Schul\u00adjahr 20\/21 die neue Eltern\u00adbeiratsvor\u00adsitzende <br> der FES Grundschule.<\/p>\n<p>Ich bin 34 Jahre alt, ver\u00adheiratet und wohne mit mein\u00ader Fam\u00adi\u00adlie in einem Teilort von Hei\u00adden\u00adheim. Vier unser\u00ader sechs Kinder besuchen die&nbsp;FES.<\/p>\n<p>Ich bin dankbar, f\u00fcr unsere Kinder eine Schule gefun\u00adden zu haben, wo sie neben ein\u00ader fundierten und umfassenden Schu\u00adlaus\u00adbil\u00addung auch die christlichen Werte im Schu\u00adlall\u00adt\u00adag ver\u00admit\u00adtelt und vorgelebt bekommen.<\/p>\n<p>Nun freue ich mich auf eine gute Zusam\u00adme\u00adnar\u00adbeit mit Ihnen, liebe Eltern, den Lehrern und der Schulleitung, sowie dem Vorstand.<\/p>\n<p>[\/et_pb_text][\/et_pb_column][\/et_pb_row][\/et_pb_section]<\/p>\n","protected":false},"excerpt":{"rendered":"<p>Schulleitung\u00adTi\u00admo Berg\u00adert Schulleit\u00ader FES Grund\u00adschule \u201eDu bist mein Herr, mein ganzes Gl\u00fcck! Darum freue ich mich \u00fcber alle, die nach deinem Willen leben. Auf sie kommt es im Land entscheidend&nbsp;[\u2026]<\/p>\n","protected":false},"author":1,"featured_media":0,"parent":0,"menu_order":0,"comment_status":"closed","ping_status":"closed","template":"","meta":{"_et_pb_use_builder":"on","_et_pb_old_content":"","_et_gb_content_width":"","inline_featured_image":false,"wp_typography_post_enhancements_disabled":false,"footnotes":""},"class_list":["post-1056","page","type-page","status-publish","hentry"],"yoast_head":"<!-- This site is optimized with the Yoast SEO plugin v27.3 - https:\/\/yoast.com\/product\/yoast-seo-wordpress\/ -->\n<title>Menschen - Grundschule | Freie Evangelischen Schule und Kindertagesst\u00e4tte Heidenheim e. V.<\/title>\n<meta name=\"robots\" content=\"index, follow, max-snippet:-1, max-image-preview:large, max-video-preview:-1\" \/>\n<link rel=\"canonical\" href=\"https:\/\/fes-heidenheim.de\/grundschule\/menschen\/\" \/>\n<meta property=\"og:locale\" content=\"de_DE\" \/>\n<meta property=\"og:type\" content=\"article\" \/>\n<meta property=\"og:title\" content=\"Menschen - Grundschule | Freie Evangelischen Schule und Kindertagesst\u00e4tte Heidenheim e. V.\" \/>\n<meta property=\"og:description\" content=\"SchulleitungTimo Bergert Schulleiter FES Grundschule \u201eDu bist mein Herr, mein ganzes Gl\u00fcck! Darum freue ich mich \u00fcber alle, die nach deinem Willen leben. Auf sie kommt es im Land entscheidend [&hellip;]\" \/>\n<meta property=\"og:url\" content=\"https:\/\/fes-heidenheim.de\/grundschule\/menschen\/\" \/>\n<meta property=\"og:site_name\" content=\"Grundschule | Freie Evangelischen Schule und Kindertagesst\u00e4tte Heidenheim e. V.\" \/>\n<meta property=\"article:modified_time\" content=\"2026-03-06T10:23:49+00:00\" \/>\n<meta name=\"twitter:card\" content=\"summary_large_image\" \/>\n<meta name=\"twitter:label1\" content=\"Gesch\u00e4tzte Lesezeit\" \/>\n\t<meta name=\"twitter:data1\" content=\"6\u00a0Minuten\" \/>\n<script type=\"application\/ld+json\" class=\"yoast-schema-graph\">{\"@context\":\"https:\\\/\\\/schema.org\",\"@graph\":[{\"@type\":\"WebPage\",\"@id\":\"https:\\\/\\\/fes-heidenheim.de\\\/grundschule\\\/menschen\\\/\",\"url\":\"https:\\\/\\\/fes-heidenheim.de\\\/grundschule\\\/menschen\\\/\",\"name\":\"Menschen - Grundschule | Freie Evangelischen Schule und Kindertagesst\u00e4tte Heidenheim e. V.\",\"isPartOf\":{\"@id\":\"https:\\\/\\\/fes-heidenheim.de\\\/grundschule\\\/#website\"},\"datePublished\":\"2020-11-21T16:46:15+00:00\",\"dateModified\":\"2026-03-06T10:23:49+00:00\",\"breadcrumb\":{\"@id\":\"https:\\\/\\\/fes-heidenheim.de\\\/grundschule\\\/menschen\\\/#breadcrumb\"},\"inLanguage\":\"de\",\"potentialAction\":[{\"@type\":\"ReadAction\",\"target\":[\"https:\\\/\\\/fes-heidenheim.de\\\/grundschule\\\/menschen\\\/\"]}]},{\"@type\":\"BreadcrumbList\",\"@id\":\"https:\\\/\\\/fes-heidenheim.de\\\/grundschule\\\/menschen\\\/#breadcrumb\",\"itemListElement\":[{\"@type\":\"ListItem\",\"position\":1,\"name\":\"Startseite\",\"item\":\"https:\\\/\\\/fes-heidenheim.de\\\/grundschule\\\/\"},{\"@type\":\"ListItem\",\"position\":2,\"name\":\"Menschen\"}]},{\"@type\":\"WebSite\",\"@id\":\"https:\\\/\\\/fes-heidenheim.de\\\/grundschule\\\/#website\",\"url\":\"https:\\\/\\\/fes-heidenheim.de\\\/grundschule\\\/\",\"name\":\"Grundschule | Freie Evangelischen Schule und Kindertagesst\u00e4tte Heidenheim e. V.\",\"description\":\"Webseiten der Grundschule der Freien Evangelischen Schule und Kindertagesst\u00e4tte Heidenheim e.V.\",\"potentialAction\":[{\"@type\":\"SearchAction\",\"target\":{\"@type\":\"EntryPoint\",\"urlTemplate\":\"https:\\\/\\\/fes-heidenheim.de\\\/grundschule\\\/?s={search_term_string}\"},\"query-input\":{\"@type\":\"PropertyValueSpecification\",\"valueRequired\":true,\"valueName\":\"search_term_string\"}}],\"inLanguage\":\"de\"}]}<\/script>\n<!-- \/ Yoast SEO plugin. -->","yoast_head_json":{"title":"Menschen - Grundschule | Freie Evangelischen Schule und Kindertagesst\u00e4tte Heidenheim e. V.","robots":{"index":"index","follow":"follow","max-snippet":"max-snippet:-1","max-image-preview":"max-image-preview:large","max-video-preview":"max-video-preview:-1"},"canonical":"https:\/\/fes-heidenheim.de\/grundschule\/menschen\/","og_locale":"de_DE","og_type":"article","og_title":"Menschen - Grundschule | Freie Evangelischen Schule und Kindertagesst\u00e4tte Heidenheim e. V.","og_description":"SchulleitungTimo Bergert Schulleiter FES Grundschule \u201eDu bist mein Herr, mein ganzes Gl\u00fcck! Darum freue ich mich \u00fcber alle, die nach deinem Willen leben. Auf sie kommt es im Land entscheidend [&hellip;]","og_url":"https:\/\/fes-heidenheim.de\/grundschule\/menschen\/","og_site_name":"Grundschule | Freie Evangelischen Schule und Kindertagesst\u00e4tte Heidenheim e. V.","article_modified_time":"2026-03-06T10:23:49+00:00","twitter_card":"summary_large_image","twitter_misc":{"Gesch\u00e4tzte Lesezeit":"6\u00a0Minuten"},"schema":{"@context":"https:\/\/schema.org","@graph":[{"@type":"WebPage","@id":"https:\/\/fes-heidenheim.de\/grundschule\/menschen\/","url":"https:\/\/fes-heidenheim.de\/grundschule\/menschen\/","name":"Menschen - Grundschule | Freie Evangelischen Schule und Kindertagesst\u00e4tte Heidenheim e. V.","isPartOf":{"@id":"https:\/\/fes-heidenheim.de\/grundschule\/#website"},"datePublished":"2020-11-21T16:46:15+00:00","dateModified":"2026-03-06T10:23:49+00:00","breadcrumb":{"@id":"https:\/\/fes-heidenheim.de\/grundschule\/menschen\/#breadcrumb"},"inLanguage":"de","potentialAction":[{"@type":"ReadAction","target":["https:\/\/fes-heidenheim.de\/grundschule\/menschen\/"]}]},{"@type":"BreadcrumbList","@id":"https:\/\/fes-heidenheim.de\/grundschule\/menschen\/#breadcrumb","itemListElement":[{"@type":"ListItem","position":1,"name":"Startseite","item":"https:\/\/fes-heidenheim.de\/grundschule\/"},{"@type":"ListItem","position":2,"name":"Menschen"}]},{"@type":"WebSite","@id":"https:\/\/fes-heidenheim.de\/grundschule\/#website","url":"https:\/\/fes-heidenheim.de\/grundschule\/","name":"Grundschule | Freie Evangelischen Schule und Kindertagesst\u00e4tte Heidenheim e. V.","description":"Webseiten der Grundschule der Freien Evangelischen Schule und Kindertagesst\u00e4tte Heidenheim e.V.","potentialAction":[{"@type":"SearchAction","target":{"@type":"EntryPoint","urlTemplate":"https:\/\/fes-heidenheim.de\/grundschule\/?s={search_term_string}"},"query-input":{"@type":"PropertyValueSpecification","valueRequired":true,"valueName":"search_term_string"}}],"inLanguage":"de"}]}},"_links":{"self":[{"href":"https:\/\/fes-heidenheim.de\/grundschule\/wp-json\/wp\/v2\/pages\/1056","targetHints":{"allow":["GET"]}}],"collection":[{"href":"https:\/\/fes-heidenheim.de\/grundschule\/wp-json\/wp\/v2\/pages"}],"about":[{"href":"https:\/\/fes-heidenheim.de\/grundschule\/wp-json\/wp\/v2\/types\/page"}],"author":[{"embeddable":true,"href":"https:\/\/fes-heidenheim.de\/grundschule\/wp-json\/wp\/v2\/users\/1"}],"replies":[{"embeddable":true,"href":"https:\/\/fes-heidenheim.de\/grundschule\/wp-json\/wp\/v2\/comments?post=1056"}],"version-history":[{"count":28,"href":"https:\/\/fes-heidenheim.de\/grundschule\/wp-json\/wp\/v2\/pages\/1056\/revisions"}],"predecessor-version":[{"id":3835,"href":"https:\/\/fes-heidenheim.de\/grundschule\/wp-json\/wp\/v2\/pages\/1056\/revisions\/3835"}],"wp:attachment":[{"href":"https:\/\/fes-heidenheim.de\/grundschule\/wp-json\/wp\/v2\/media?parent=1056"}],"curies":[{"name":"wp","href":"https:\/\/api.w.org\/{rel}","templated":true}]}}