{"id":1705,"date":"2021-05-07T11:55:21","date_gmt":"2021-05-07T09:55:21","guid":{"rendered":"https:\/\/fes-heidenheim.de\/grundschule\/?page_id=1705"},"modified":"2025-09-11T19:00:50","modified_gmt":"2025-09-11T17:00:50","slug":"schulentdecker","status":"publish","type":"page","link":"https:\/\/fes-heidenheim.de\/grundschule\/schulentdecker\/","title":{"rendered":"Schulentdecker"},"content":{"rendered":"<p>[et_pb_section fb_built=\u201c1\u201d custom_padding_last_edited=\u201con|tablet\u201d admin_label=\u201cGeneral 12\u201d _builder_version=\u201c4.16\u201d background_color=\u201crgba(121,198,192,0.2)\u201d background_enable_image=\u201coff\u201d custom_padding=\u201d||0vh|||\u201d custom_padding_tablet=\u201d||50vh\u201d custom_padding_phone=\u201d\u201d locked=\u201coff\u201d global_colors_info=\u201d{}\u201d][et_pb_row _builder_version=\u201c4.16\u201d _module_preset=\u201cdefault\u201d custom_padding=\u201c0px||0px|||\u201d locked=\u201coff\u201d global_colors_info=\u201d{}\u201d][et_pb_column type=\u201c4_4\u201d _builder_version=\u201c4.16\u201d _module_preset=\u201cdefault\u201d global_colors_info=\u201d{}\u201d][et_pb_image src=\u201chttps:\/\/fes-heidenheim.de\/grundschule\/wp-content\/uploads\/sites\/2\/2020\/06\/fes-logo2020-web-mob.png\u201d alt=\u201cfes Fis\u00adchchen\u201d title_text=\u201cfes-logo2020-web-mob\u201d align=\u201ccenter\u201d _builder_version=\u201c4.16\u201d _module_preset=\u201cdefault\u201d width=\u201c5%\u201d custom_margin=\u201d||9px|||\u201d global_colors_info=\u201d{}\u201d][\/et_pb_image][et_pb_text _builder_version=\u201c4.16\u201d _module_preset=\u201cdefault\u201d global_colors_info=\u201d{}\u201d]<\/p>\n<h4 style=\"text-align: center;\">Schule<\/h4>\n<p>[\/et_pb_text][\/et_pb_column][\/et_pb_row][et_pb_row column_structure=\u201c1_2,1_2\u201d _builder_version=\u201c4.16\u201d custom_width_px=\u201c750px\u201d global_colors_info=\u201d{}\u201d][et_pb_column type=\u201c1_2\u201d module_class=\u201ccolumn1\u201d _builder_version=\u201c4.16\u201d custom_padding=\u201d|||\u201d custom_padding_tablet=\u201d||35px|\u201d custom_padding_phone=\u201d\u201d custom_padding_last_edited=\u201con|tablet\u201d global_colors_info=\u201d{}\u201d padding_tablet=\u201d||35px|\u201d padding_last_edited=\u201con|tablet\u201d custom_padding__hover=\u201d|||\u201d padding_phone=\u201d||35px|\u201d][et_pb_text quote_border_weight=\u201c0px\u201d quote_border_color=\u201crgba(0,0,0,0)\u201d _builder_version=\u201c4.27.4\u201d text_font=\u201d||||||||\u201d link_font=\u201d|100|||on|||#000000|\u201d link_text_color=\u201c#000000\u201d quote_font=\u201cPlayfair Display||on||||||\u201d quote_text_color=\u201c#000000\u201d quote_line_height=\u201c1.3em\u201d header_font=\u201d|700|||||||\u201d header_2_font=\u201d|700|||||||\u201d header_2_text_color=\u201c#565656\u201d header_2_line_height=\u201c1.4em\u201d header_3_font=\u201d|700|||||||\u201d header_3_text_color=\u201c#000000\u201d header_4_letter_spacing=\u201c12px\u201d header_5_font=\u201d|300|||||||\u201d header_5_text_color=\u201d#bfbfbf\u201d header_5_letter_spacing=\u201c12px\u201d header_6_font=\u201d|700||on|||||\u201d header_6_text_align=\u201cleft\u201d header_6_text_color=\u201c#3D8B85\u201d header_6_font_size=\u201c16px\u201d header_6_letter_spacing=\u201c2px\u201d header_6_line_height=\u201c1.4em\u201d module_alignment=\u201cleft\u201d custom_margin=\u201d||||false|false\u201d custom_margin_tablet=\u201d\u201d custom_margin_phone=\u201d\u201d custom_margin_last_edited=\u201con|tablet\u201d quote_font_size_tablet=\u201d\u201d quote_font_size_phone=\u201d\u201d quote_font_size_last_edited=\u201con|desktop\u201d saved_tabs=\u201call\u201d locked=\u201coff\u201d global_colors_info=\u201d{}\u201d]<\/p>\n<h3>Schulentdecker<\/h3>\n<p>Wir richt\u00aden uns an die Eltern der Vorschulkinder und m\u00f6cht\u00aden Ihnen und Ihrem Kind die M\u00f6glichkeit geben, seine zuk\u00fcn\u00adftige Schule, die Klassenkam\u00ader\u00adaden und Lehrer schon vor der Ein\u00adschu\u00adlung ken\u00adnen\u00adzuler\u00adnen. Deshalb darf Ihr Kind im kom\u00admenden Schul\u00adjahr an zum <strong>\u201eSchu\u00adlent\u00addeck\u00ader\u201c<\/strong> werden.<\/p>\n<p>Wir laden Sie her\u00adzlich ein, Ihr Kind an den unten genan\u00adnten Ter\u00admi\u00adnen jew\u00adeils <strong>eine Stunde von 14:30 bis 15:30 Uhr <\/strong>in die Schule zu bringen.<\/p>\n<p>Dort wer\u00adden die Kinder in zwei Grup\u00adpen eingeteilt und machen zu einem bes\u00adtimmten The\u00adma mit ihren zuk\u00fcn\u00adfti\u00adgen Lehrern ein kleines Programm.<\/p>\n<p>Fol\u00adgende Ter\u00admine sind vorgesehen:<\/p>\n<table>\n<tbody>\n<tr>\n<td>\n<p>Ter\u00admin<span>&nbsp;<\/span><\/p>\n<\/td>\n<td>\n<p>The\u00adma<span>&nbsp;<\/span><\/p>\n<\/td>\n<td>\n<p>Eltern\u00adpro\u00adgramm<span>&nbsp;<\/span><\/p>\n<\/td>\n<\/tr>\n<tr>\n<td>\n<p>09.10.25<\/p>\n<\/td>\n<td>\n<p>Kun\u00adter\u00adbunter Herbst<\/p>\n<\/td>\n<td>\n<p>Infos f\u00fcr neue Eltern mit Elternkaffee<\/p>\n<\/td>\n<\/tr>\n<tr>\n<td>\n<p>13.11.25<\/p>\n<\/td>\n<td>\n<p>Auf Spuren\u00adsuche<\/p>\n<\/td>\n<td>\n<p>&nbsp;<\/p>\n<\/td>\n<\/tr>\n<tr>\n<td>\n<p>11.12.25<\/p>\n<\/td>\n<td>\n<p>\u201eDie Stadt die Wei\u00adh\u00adnacht\u00aden ver\u00adga\u00df\u201c<span>&nbsp;<\/span><\/p>\n<\/td>\n<td>\n<p>&nbsp;<\/p>\n<\/td>\n<\/tr>\n<tr>\n<td>\n<p>22.01.26<\/p>\n<\/td>\n<td>\n<p><strong>Infor\u00adma\u00adtion\u00ads\u00adabend um 19:30&nbsp;Uhr<\/strong><\/p>\n<\/td>\n<td>\n<p>&nbsp;<\/p>\n<\/td>\n<\/tr>\n<tr>\n<td>\n<p>12.02.26<\/p>\n<\/td>\n<td>\n<p>Buch\u00adstaben \u00fcberall<\/p>\n<\/td>\n<td>\n<p>&nbsp;<\/p>\n<\/td>\n<\/tr>\n<tr>\n<td>\n<p>19.03.26<\/p>\n<\/td>\n<td>\n<p><span>&nbsp;<\/span>Im Zahlen\u00adland<\/p>\n<\/td>\n<td>\n<p>&nbsp;<\/p>\n<\/td>\n<\/tr>\n<tr>\n<td>\n<p>23.04.26<\/p>\n<\/td>\n<td>\n<p>Im Dschun\u00adgel-Turn\u00adhalle<\/p>\n<\/td>\n<td>\n<p>&nbsp;<\/p>\n<\/td>\n<\/tr>\n<tr>\n<td>\n<p>08.06. \u2013 12.06.26<\/p>\n<\/td>\n<td>\n<p>In der Schule (Schnup\u00adper\u00advor\u00admit\u00adtage)<span>&nbsp;<\/span><\/p>\n<\/td>\n<td>\n<p>&nbsp;<\/p>\n<\/td>\n<\/tr>\n<\/tbody>\n<\/table>\n<p>Zus\u00e4t\u00adzlich zu den Schu\u00adlent\u00addeck\u00ader-Nach\u00admit\u00adta\u00adgen laden wir Ihr Kind zu einem <strong>Schnup\u00adper\u00advor\u00admit\u00adtag<\/strong> ein. Die Vorschulkinder besuchen die 1. Klasse und d\u00fcr\u00adfen den Unter\u00adricht und eine gro\u00dfe Pause miter\u00adleben. Ihren Ter\u00admin und eine genaue Infor\u00adma\u00adtion hierzu bekom\u00admen Sie noch rechtzeitig.<\/p>\n<p>Wir freuen uns und sind schon ges\u00adpan\u00adnt auf die kom\u00admenden Schulentdecker.<\/p>\n<p>Es gr\u00fc\u00dft Sie her\u00adzlich Ihr FES Lehrer- Team.<\/p>\n<p><!-- \/divi:list --><!-- divi:heading {\"level\":5} --><!-- \/divi:paragraph --><\/p>\n<p>[\/et_pb_text][et_pb_button url_new_window=\u201con\u201d button_text=\u201cPDF Anmel\u00addung Schu\u00adlent\u00addeck\u00ader\u201d button_alignment=\u201cleft\u201d button_alignment_tablet=\u201d\u201d button_alignment_phone=\u201ccenter\u201d button_alignment_last_edited=\u201con|phone\u201d _builder_version=\u201c4.27.4\u201d _module_preset=\u201cdefault\u201d custom_button=\u201con\u201d button_bg_color=\u201c#3D8B85\u201d button_letter_spacing=\u201c1px\u201d button_font=\u201d|700|||||||\u201d button_icon=\u201c5||divi||400\u201d custom_margin=\u201d||||false|false\u201d custom_padding=\u201d||||false|false\u201d hover_enabled=\u201c0\u201d button_text_size_tablet=\u201d\u201d button_text_size_phone=\u201c14px\u201d button_text_size_last_edited=\u201con|phone\u201d locked=\u201coff\u201d global_colors_info=\u201d{}\u201d button_icon_color__hover_enabled=\u201con|hover\u201d button_icon_color__hover=\u201c#020202\u201d button_bg_color__hover_enabled=\u201con|desktop\u201d button_bg_color__hover=\u201cRGBA(0,0,0,0)\u201d button_bg_enable_color__hover=\u201con\u201d button_text_color__hover_enabled=\u201con|hover\u201d button_text_color__hover=\u201c#020202\u201d button_url=\u201chttps:\/\/fes-heidenheim.de\/grundschule\/wp-content\/uploads\/sites\/4\/2025\/09\/Anmeldekarte-25_26.pdf\u201d sticky_enabled=\u201c0\u201d][\/et_pb_button][\/et_pb_column][et_pb_column type=\u201c1_2\u201d module_class=\u201ccolumn2\u201d _builder_version=\u201c4.16\u201d custom_padding=\u201d|||\u201d global_colors_info=\u201d{}\u201d custom_padding__hover=\u201d|||\u201d][et_pb_image src=\u201chttps:\/\/fes-heidenheim.de\/grundschule\/wp-content\/uploads\/sites\/4\/2021\/11\/fes-grundschule-header-schule-scaled.jpg\u201d alt=\u201cFES P\u00e4d\u00ada\u00adgogis\u00adches Konzept\u201d title_text=\u201cfes-grundschule-header-schule\u201d align=\u201ccenter\u201d align_tablet=\u201ccenter\u201d align_phone=\u201d\u201d align_last_edited=\u201con|desktop\u201d _builder_version=\u201c4.16\u201d animation_style=\u201cfade\u201d animation_duration=\u201c1500ms\u201d box_shadow_style=\u201cpreset1\u201d box_shadow_vertical=\u201c0px\u201d box_shadow_blur=\u201c80px\u201d box_shadow_color=\u201crgba(0,0,0,0.2)\u201d global_colors_info=\u201d{}\u201d][\/et_pb_image][\/et_pb_column][\/et_pb_row][\/et_pb_section]<\/p>\n","protected":false},"excerpt":{"rendered":"<p>SchuleSchu\u00adlent\u00addeck\u00ader Wir richt\u00aden uns an die Eltern der Vorschulkinder und m\u00f6cht\u00aden Ihnen und Ihrem Kind die M\u00f6glichkeit geben, seine zuk\u00fcn\u00adftige Schule, die Klassenkam\u00ader\u00adaden und Lehrer schon vor der Ein\u00adschu\u00adlung kennenzulernen.&nbsp;[\u2026]<\/p>\n","protected":false},"author":1,"featured_media":0,"parent":0,"menu_order":0,"comment_status":"closed","ping_status":"closed","template":"","meta":{"_et_pb_use_builder":"on","_et_pb_old_content":"","_et_gb_content_width":"","inline_featured_image":false,"wp_typography_post_enhancements_disabled":false,"footnotes":""},"class_list":["post-1705","page","type-page","status-publish","hentry"],"yoast_head":"<!-- This site is optimized with the Yoast SEO plugin v27.3 - https:\/\/yoast.com\/product\/yoast-seo-wordpress\/ -->\n<title>Schulentdecker - Grundschule | Freie Evangelischen Schule und Kindertagesst\u00e4tte Heidenheim e. V.<\/title>\n<meta name=\"robots\" content=\"index, follow, max-snippet:-1, max-image-preview:large, max-video-preview:-1\" \/>\n<link rel=\"canonical\" href=\"https:\/\/fes-heidenheim.de\/grundschule\/schulentdecker\/\" \/>\n<meta property=\"og:locale\" content=\"de_DE\" \/>\n<meta property=\"og:type\" content=\"article\" \/>\n<meta property=\"og:title\" content=\"Schulentdecker - Grundschule | Freie Evangelischen Schule und Kindertagesst\u00e4tte Heidenheim e. V.\" \/>\n<meta property=\"og:description\" content=\"SchuleSchulentdecker Wir richten uns an die Eltern der Vorschulkinder und m\u00f6chten Ihnen und Ihrem Kind die M\u00f6glichkeit geben, seine zuk\u00fcnftige Schule, die Klassenkameraden und Lehrer schon vor der Einschulung kennenzulernen. [&hellip;]\" \/>\n<meta property=\"og:url\" content=\"https:\/\/fes-heidenheim.de\/grundschule\/schulentdecker\/\" \/>\n<meta property=\"og:site_name\" content=\"Grundschule | Freie Evangelischen Schule und Kindertagesst\u00e4tte Heidenheim e. V.\" \/>\n<meta property=\"article:modified_time\" content=\"2025-09-11T17:00:50+00:00\" \/>\n<meta name=\"twitter:card\" content=\"summary_large_image\" \/>\n<meta name=\"twitter:label1\" content=\"Gesch\u00e4tzte Lesezeit\" \/>\n\t<meta name=\"twitter:data1\" content=\"4\u00a0Minuten\" \/>\n<script type=\"application\/ld+json\" class=\"yoast-schema-graph\">{\"@context\":\"https:\\\/\\\/schema.org\",\"@graph\":[{\"@type\":\"WebPage\",\"@id\":\"https:\\\/\\\/fes-heidenheim.de\\\/grundschule\\\/schulentdecker\\\/\",\"url\":\"https:\\\/\\\/fes-heidenheim.de\\\/grundschule\\\/schulentdecker\\\/\",\"name\":\"Schulentdecker - Grundschule | Freie Evangelischen Schule und Kindertagesst\u00e4tte Heidenheim e. V.\",\"isPartOf\":{\"@id\":\"https:\\\/\\\/fes-heidenheim.de\\\/grundschule\\\/#website\"},\"datePublished\":\"2021-05-07T09:55:21+00:00\",\"dateModified\":\"2025-09-11T17:00:50+00:00\",\"breadcrumb\":{\"@id\":\"https:\\\/\\\/fes-heidenheim.de\\\/grundschule\\\/schulentdecker\\\/#breadcrumb\"},\"inLanguage\":\"de\",\"potentialAction\":[{\"@type\":\"ReadAction\",\"target\":[\"https:\\\/\\\/fes-heidenheim.de\\\/grundschule\\\/schulentdecker\\\/\"]}]},{\"@type\":\"BreadcrumbList\",\"@id\":\"https:\\\/\\\/fes-heidenheim.de\\\/grundschule\\\/schulentdecker\\\/#breadcrumb\",\"itemListElement\":[{\"@type\":\"ListItem\",\"position\":1,\"name\":\"Startseite\",\"item\":\"https:\\\/\\\/fes-heidenheim.de\\\/grundschule\\\/\"},{\"@type\":\"ListItem\",\"position\":2,\"name\":\"Schulentdecker\"}]},{\"@type\":\"WebSite\",\"@id\":\"https:\\\/\\\/fes-heidenheim.de\\\/grundschule\\\/#website\",\"url\":\"https:\\\/\\\/fes-heidenheim.de\\\/grundschule\\\/\",\"name\":\"Grundschule | Freie Evangelischen Schule und Kindertagesst\u00e4tte Heidenheim e. V.\",\"description\":\"Webseiten der Grundschule der Freien Evangelischen Schule und Kindertagesst\u00e4tte Heidenheim e.V.\",\"potentialAction\":[{\"@type\":\"SearchAction\",\"target\":{\"@type\":\"EntryPoint\",\"urlTemplate\":\"https:\\\/\\\/fes-heidenheim.de\\\/grundschule\\\/?s={search_term_string}\"},\"query-input\":{\"@type\":\"PropertyValueSpecification\",\"valueRequired\":true,\"valueName\":\"search_term_string\"}}],\"inLanguage\":\"de\"}]}<\/script>\n<!-- \/ Yoast SEO plugin. -->","yoast_head_json":{"title":"Schulentdecker - Grundschule | Freie Evangelischen Schule und Kindertagesst\u00e4tte Heidenheim e. V.","robots":{"index":"index","follow":"follow","max-snippet":"max-snippet:-1","max-image-preview":"max-image-preview:large","max-video-preview":"max-video-preview:-1"},"canonical":"https:\/\/fes-heidenheim.de\/grundschule\/schulentdecker\/","og_locale":"de_DE","og_type":"article","og_title":"Schulentdecker - Grundschule | Freie Evangelischen Schule und Kindertagesst\u00e4tte Heidenheim e. V.","og_description":"SchuleSchulentdecker Wir richten uns an die Eltern der Vorschulkinder und m\u00f6chten Ihnen und Ihrem Kind die M\u00f6glichkeit geben, seine zuk\u00fcnftige Schule, die Klassenkameraden und Lehrer schon vor der Einschulung kennenzulernen. [&hellip;]","og_url":"https:\/\/fes-heidenheim.de\/grundschule\/schulentdecker\/","og_site_name":"Grundschule | Freie Evangelischen Schule und Kindertagesst\u00e4tte Heidenheim e. V.","article_modified_time":"2025-09-11T17:00:50+00:00","twitter_card":"summary_large_image","twitter_misc":{"Gesch\u00e4tzte Lesezeit":"4\u00a0Minuten"},"schema":{"@context":"https:\/\/schema.org","@graph":[{"@type":"WebPage","@id":"https:\/\/fes-heidenheim.de\/grundschule\/schulentdecker\/","url":"https:\/\/fes-heidenheim.de\/grundschule\/schulentdecker\/","name":"Schulentdecker - Grundschule | Freie Evangelischen Schule und Kindertagesst\u00e4tte Heidenheim e. V.","isPartOf":{"@id":"https:\/\/fes-heidenheim.de\/grundschule\/#website"},"datePublished":"2021-05-07T09:55:21+00:00","dateModified":"2025-09-11T17:00:50+00:00","breadcrumb":{"@id":"https:\/\/fes-heidenheim.de\/grundschule\/schulentdecker\/#breadcrumb"},"inLanguage":"de","potentialAction":[{"@type":"ReadAction","target":["https:\/\/fes-heidenheim.de\/grundschule\/schulentdecker\/"]}]},{"@type":"BreadcrumbList","@id":"https:\/\/fes-heidenheim.de\/grundschule\/schulentdecker\/#breadcrumb","itemListElement":[{"@type":"ListItem","position":1,"name":"Startseite","item":"https:\/\/fes-heidenheim.de\/grundschule\/"},{"@type":"ListItem","position":2,"name":"Schulentdecker"}]},{"@type":"WebSite","@id":"https:\/\/fes-heidenheim.de\/grundschule\/#website","url":"https:\/\/fes-heidenheim.de\/grundschule\/","name":"Grundschule | Freie Evangelischen Schule und Kindertagesst\u00e4tte Heidenheim e. V.","description":"Webseiten der Grundschule der Freien Evangelischen Schule und Kindertagesst\u00e4tte Heidenheim e.V.","potentialAction":[{"@type":"SearchAction","target":{"@type":"EntryPoint","urlTemplate":"https:\/\/fes-heidenheim.de\/grundschule\/?s={search_term_string}"},"query-input":{"@type":"PropertyValueSpecification","valueRequired":true,"valueName":"search_term_string"}}],"inLanguage":"de"}]}},"_links":{"self":[{"href":"https:\/\/fes-heidenheim.de\/grundschule\/wp-json\/wp\/v2\/pages\/1705","targetHints":{"allow":["GET"]}}],"collection":[{"href":"https:\/\/fes-heidenheim.de\/grundschule\/wp-json\/wp\/v2\/pages"}],"about":[{"href":"https:\/\/fes-heidenheim.de\/grundschule\/wp-json\/wp\/v2\/types\/page"}],"author":[{"embeddable":true,"href":"https:\/\/fes-heidenheim.de\/grundschule\/wp-json\/wp\/v2\/users\/1"}],"replies":[{"embeddable":true,"href":"https:\/\/fes-heidenheim.de\/grundschule\/wp-json\/wp\/v2\/comments?post=1705"}],"version-history":[{"count":18,"href":"https:\/\/fes-heidenheim.de\/grundschule\/wp-json\/wp\/v2\/pages\/1705\/revisions"}],"predecessor-version":[{"id":3700,"href":"https:\/\/fes-heidenheim.de\/grundschule\/wp-json\/wp\/v2\/pages\/1705\/revisions\/3700"}],"wp:attachment":[{"href":"https:\/\/fes-heidenheim.de\/grundschule\/wp-json\/wp\/v2\/media?parent=1705"}],"curies":[{"name":"wp","href":"https:\/\/api.w.org\/{rel}","templated":true}]}}