{"id":2250,"date":"2022-03-24T16:18:01","date_gmt":"2022-03-24T15:18:01","guid":{"rendered":"https:\/\/fes-heidenheim.de\/grundschule\/?page_id=2250"},"modified":"2026-02-18T10:08:25","modified_gmt":"2026-02-18T09:08:25","slug":"schulentdecker-2","status":"publish","type":"page","link":"https:\/\/fes-heidenheim.de\/grundschule\/schulentdecker-2\/","title":{"rendered":"Anmeldung"},"content":{"rendered":"<p>[et_pb_section fb_built=\u201c1\u201d custom_padding_last_edited=\u201con|tablet\u201d admin_label=\u201cGeneral 12\u201d _builder_version=\u201c4.16\u201d background_color=\u201crgba(121,198,192,0.2)\u201d background_enable_image=\u201coff\u201d custom_padding=\u201d||0vh|||\u201d custom_padding_tablet=\u201d||50vh\u201d custom_padding_phone=\u201d\u201d locked=\u201coff\u201d global_colors_info=\u201d{}\u201d][et_pb_row _builder_version=\u201c4.16\u201d _module_preset=\u201cdefault\u201d custom_padding=\u201c0px||0px|||\u201d locked=\u201coff\u201d global_colors_info=\u201d{}\u201d][et_pb_column type=\u201c4_4\u201d _builder_version=\u201c4.16\u201d _module_preset=\u201cdefault\u201d global_colors_info=\u201d{}\u201d][et_pb_image src=\u201chttps:\/\/fes-heidenheim.de\/grundschule\/wp-content\/uploads\/sites\/2\/2020\/06\/fes-logo2020-web-mob.png\u201d alt=\u201cfes Fis\u00adchchen\u201d title_text=\u201cfes-logo2020-web-mob\u201d align=\u201ccenter\u201d _builder_version=\u201c4.16\u201d _module_preset=\u201cdefault\u201d width=\u201c5%\u201d custom_margin=\u201d||9px|||\u201d global_colors_info=\u201d{}\u201d][\/et_pb_image][\/et_pb_column][\/et_pb_row][et_pb_row column_structure=\u201c1_2,1_2\u201d _builder_version=\u201c4.16\u201d custom_width_px=\u201c750px\u201d global_colors_info=\u201d{}\u201d][et_pb_column type=\u201c1_2\u201d module_class=\u201ccolumn1\u201d _builder_version=\u201c4.16\u201d custom_padding=\u201d|||\u201d custom_padding_tablet=\u201d||35px|\u201d custom_padding_phone=\u201d\u201d custom_padding_last_edited=\u201con|tablet\u201d global_colors_info=\u201d{}\u201d padding_tablet=\u201d||35px|\u201d padding_last_edited=\u201con|tablet\u201d custom_padding__hover=\u201d|||\u201d padding_phone=\u201d||35px|\u201d][et_pb_text quote_border_weight=\u201c0px\u201d quote_border_color=\u201crgba(0,0,0,0)\u201d _builder_version=\u201c4.27.4\u201d text_font=\u201d||||||||\u201d link_font=\u201d|100|||on|||#000000|\u201d link_text_color=\u201c#000000\u201d quote_font=\u201cPlayfair Display||on||||||\u201d quote_text_color=\u201c#000000\u201d quote_line_height=\u201c1.3em\u201d header_font=\u201d|700|||||||\u201d header_2_font=\u201d|700|||||||\u201d header_2_text_color=\u201c#565656\u201d header_2_line_height=\u201c1.4em\u201d header_3_font=\u201d|700|||||||\u201d header_3_text_color=\u201c#000000\u201d header_4_letter_spacing=\u201c12px\u201d header_5_font=\u201d|300|||||||\u201d header_5_text_color=\u201d#bfbfbf\u201d header_5_letter_spacing=\u201c12px\u201d header_6_font=\u201d|700||on|||||\u201d header_6_text_align=\u201cleft\u201d header_6_text_color=\u201c#3D8B85\u201d header_6_font_size=\u201c16px\u201d header_6_letter_spacing=\u201c2px\u201d header_6_line_height=\u201c1.4em\u201d module_alignment=\u201cleft\u201d custom_margin=\u201d||||false|false\u201d custom_margin_tablet=\u201d\u201d custom_margin_phone=\u201d\u201d custom_margin_last_edited=\u201con|tablet\u201d quote_font_size_tablet=\u201d\u201d quote_font_size_phone=\u201d\u201d quote_font_size_last_edited=\u201con|desktop\u201d saved_tabs=\u201call\u201d locked=\u201coff\u201d global_colors_info=\u201d{}\u201d]<\/p>\n<h3>Anmeldeverfahren<\/h3>\n<p><span class=\"text_main\">Dazu gilt fol\u00adgen\u00adder Ablauf:<br>1. schriftliche Vormerkung \u00fcber das For\u00admu\u00adlar (unverbindlich)<br>2. Schul\u00adver\u00adtrag unter\u00adschreiben<br>3. Schul\u00addiag\u00adnosetest (Ein\u00adladung erfol\u00adgt von der Schule)<br>4. Schu\u00adlauf\u00adnah\u00admege\u00adspr\u00e4ch an der Schule<br><\/span><\/p>\n<p><span class=\"text_main\">Auch ein Quere\u00adin\u00adstieg an unsere Schule ist jed\u00aderzeit m\u00f6glich, sofern in der betr\u00ade\u00adf\u00adfend\u00aden Klasse ein Platz frei ist. Kon\u00adtak\u00adtieren Sie uns dazu&nbsp;gern.<\/span><\/p>\n<p><span class=\"text_main\">Empfehlung: M\u00f6glichst regelm\u00e4\u00dfige Teil\u00adnahme bei unseren Schulentdeckern<\/span><\/p>\n<p><!-- \/divi:list --><!-- divi:heading {\"level\":5} --><!-- \/divi:paragraph --><\/p>\n<p>[\/et_pb_text][et_pb_button button_url=\u201chttps:\/\/fes-heidenheim.de\/grundschule\/wp-content\/uploads\/sites\/4\/2026\/02\/2026_VormerkungGS\u20111.pdf\u201d url_new_window=\u201con\u201d button_text=\u201cPDF Vormerkung\u201d button_alignment=\u201cleft\u201d button_alignment_tablet=\u201d\u201d button_alignment_phone=\u201ccenter\u201d button_alignment_last_edited=\u201con|phone\u201d _builder_version=\u201c4.27.5\u201d _module_preset=\u201cdefault\u201d custom_button=\u201con\u201d button_bg_color=\u201c#3D8B85\u201d button_letter_spacing=\u201c1px\u201d button_font=\u201d|700|||||||\u201d button_icon=\u201c5||divi||400\u201d custom_margin=\u201d||||false|false\u201d custom_padding=\u201d||||false|false\u201d button_text_size_tablet=\u201d\u201d button_text_size_phone=\u201c14px\u201d button_text_size_last_edited=\u201con|phone\u201d locked=\u201coff\u201d global_colors_info=\u201d{}\u201d button_icon_color__hover_enabled=\u201con|hover\u201d button_icon_color__hover=\u201c#020202\u201d button_bg_color__hover_enabled=\u201con|desktop\u201d button_bg_color__hover=\u201cRGBA(0,0,0,0)\u201d button_bg_enable_color__hover=\u201con\u201d button_text_color__hover_enabled=\u201con|hover\u201d button_text_color__hover=\u201c#020202\u201d][\/et_pb_button][\/et_pb_column][et_pb_column type=\u201c1_2\u201d module_class=\u201ccolumn2\u201d _builder_version=\u201c4.16\u201d custom_padding=\u201d|||\u201d global_colors_info=\u201d{}\u201d custom_padding__hover=\u201d|||\u201d][et_pb_image src=\u201chttps:\/\/fes-heidenheim.de\/grundschule\/wp-content\/uploads\/sites\/4\/2021\/11\/Fes-gs-klassenzimmer.jpg\u201d alt=\u201cFES hei\u00adden\u00adheim Grund\u00adschule\u201d title_text=\u201cFes-gs-klassenzimmer\u201d align=\u201ccenter\u201d align_tablet=\u201ccenter\u201d align_phone=\u201d\u201d align_last_edited=\u201con|desktop\u201d _builder_version=\u201c4.16\u201d animation_style=\u201cfade\u201d animation_duration=\u201c1500ms\u201d box_shadow_style=\u201cpreset1\u201d box_shadow_vertical=\u201c0px\u201d box_shadow_blur=\u201c80px\u201d box_shadow_color=\u201crgba(0,0,0,0.2)\u201d global_colors_info=\u201d{}\u201d][\/et_pb_image][\/et_pb_column][\/et_pb_row][\/et_pb_section][et_pb_section fb_built=\u201c1\u201d admin_label=\u201cGeneral 11\u201d _builder_version=\u201c4.16\u201d background_color=\u201crgba(121,198,192,0.45)\u201d background_enable_image=\u201coff\u201d background_blend=\u201cscreen\u201d min_height=\u201c400px\u201d custom_margin=\u201d||1px|||\u201d custom_padding=\u201d||0px|||\u201d global_colors_info=\u201d{}\u201d][et_pb_row column_structure=\u201c1_3,1_3,1_3\u201d _builder_version=\u201c4.16\u201d min_height=\u201c244px\u201d global_colors_info=\u201d{}\u201d][et_pb_column type=\u201c1_3\u201d _builder_version=\u201c4.16\u201d custom_padding=\u201d|||\u201d global_colors_info=\u201d{}\u201d custom_padding__hover=\u201d|||\u201d][et_pb_text quote_border_weight=\u201c0px\u201d quote_border_color=\u201crgba(0,0,0,0)\u201d _builder_version=\u201c4.16\u201d text_font=\u201d||||||||\u201d link_font=\u201d|100|||on|||#000000|\u201d link_text_color=\u201c#000000\u201d quote_font=\u201cPlayfair Display||on||||||\u201d quote_text_color=\u201c#000000\u201d quote_line_height=\u201c1.3em\u201d header_font=\u201d|600|||||||\u201d header_2_font=\u201d|700|||||||\u201d header_3_font=\u201d|600|||||||\u201d header_3_text_color=\u201c#565656\u201d header_3_font_size=\u201c24px\u201d header_4_letter_spacing=\u201c12px\u201d header_5_font=\u201d|300|||||||\u201d header_5_text_color=\u201d#bfbfbf\u201d header_5_letter_spacing=\u201c12px\u201d header_6_font=\u201d|700|||||||\u201d header_6_letter_spacing=\u201c12px\u201d background_layout=\u201cdark\u201d max_width=\u201c750px\u201d module_alignment=\u201cleft\u201d custom_margin=\u201d||20px\u201d custom_margin_tablet=\u201d\u201d custom_margin_phone=\u201d\u201d custom_margin_last_edited=\u201con|tablet\u201d quote_font_size_tablet=\u201d\u201d quote_font_size_phone=\u201d\u201d quote_font_size_last_edited=\u201con|desktop\u201d saved_tabs=\u201call\u201d locked=\u201coff\u201d global_colors_info=\u201d{}\u201d]<\/p>\n<h3>Wie k\u00f6nnen wir Ihnen weiterhelfen?<\/h3>\n<p>[\/et_pb_text][\/et_pb_column][et_pb_column type=\u201c1_3\u201d _builder_version=\u201c4.16\u201d custom_padding=\u201d|||\u201d global_colors_info=\u201d{}\u201d custom_padding__hover=\u201d|||\u201d][et_pb_text quote_border_weight=\u201c0px\u201d quote_border_color=\u201crgba(0,0,0,0)\u201d _builder_version=\u201c4.16\u201d text_font=\u201d||||||||\u201d text_text_color=\u201c#565656\u201d text_font_size=\u201c18px\u201d link_font=\u201d|100|||on|||#000000|\u201d link_text_color=\u201c#000000\u201d quote_font=\u201cPlayfair Display||on||||||\u201d quote_text_color=\u201c#000000\u201d quote_line_height=\u201c1.3em\u201d header_font=\u201d|700|||||||\u201d header_2_font=\u201d|700|||||||\u201d header_3_font=\u201d|700|||||||\u201d header_3_text_color=\u201c#000000\u201d header_4_letter_spacing=\u201c12px\u201d header_5_font=\u201d|300|||||||\u201d header_5_text_color=\u201d#bfbfbf\u201d header_5_letter_spacing=\u201c12px\u201d header_6_font=\u201d|700|||||||\u201d header_6_letter_spacing=\u201c12px\u201d background_layout=\u201cdark\u201d max_width=\u201c750px\u201d module_alignment=\u201cleft\u201d custom_margin=\u201d||20px\u201d custom_margin_tablet=\u201d\u201d custom_margin_phone=\u201d\u201d custom_margin_last_edited=\u201con|tablet\u201d quote_font_size_tablet=\u201d\u201d quote_font_size_phone=\u201d\u201d quote_font_size_last_edited=\u201con|desktop\u201d saved_tabs=\u201call\u201d locked=\u201coff\u201d global_colors_info=\u201d{}\u201d]<\/p>\n<p><strong>Unsere Anschrift:<\/strong><\/p>\n<p>Freie Evan\u00adge\u00adlis\u00adche Schule <br>und Kindertagesst\u00e4tte Hei\u00adden\u00adheim<br><strong>Grund\u00adschule<br><\/strong><\/p>\n<p>Richard-Wag\u00adn\u00ader-Stra\u00dfe 66<br>89 518 Heidenheim<br><span style=\"font-family: Arial, Helvetica, sans-serif; font-size: small;\"><span style=\"font-size: medium;\"><\/span><\/span><\/p>\n<p>[\/et_pb_text][\/et_pb_column][et_pb_column type=\u201c1_3\u201d _builder_version=\u201c4.16\u201d custom_padding=\u201d|||\u201d global_colors_info=\u201d{}\u201d custom_padding__hover=\u201d|||\u201d][et_pb_text _builder_version=\u201c4.25.0\u201d _module_preset=\u201cdefault\u201d text_text_color=\u201c#565656\u201d text_font_size=\u201c18px\u201d global_colors_info=\u201d{}\u201d]<\/p>\n<p><strong>So erre\u00adichen Sie&nbsp;uns:<\/strong><\/p>\n<p>Tele\u00adfon 07321 20567<br>E\u2011Mail: grundschule@fes-heidenheim.de<\/p>\n<p>[\/et_pb_text][\/et_pb_column][\/et_pb_row][et_pb_row _builder_version=\u201c4.16\u201d _module_preset=\u201cdefault\u201d global_colors_info=\u201d{}\u201d][et_pb_column type=\u201c4_4\u201d _builder_version=\u201c4.16\u201d _module_preset=\u201cdefault\u201d global_colors_info=\u201d{}\u201d][et_pb_text _builder_version=\u201c4.17.4\u201d _module_preset=\u201cdefault\u201d global_colors_info=\u201d{}\u201d]<\/p>\n<p style=\"text-align: right;\"><a href=\"https:\/\/fes-heidenheim.de\/impressum-und-datenschutz\/\">Impres\u00adsum&nbsp;<\/a>&nbsp; |&nbsp;&nbsp; <a href=\"https:\/\/fes-heidenheim.de\/impressum-und-datenschutz\/\">Daten\u00adschutzerk\u00adl\u00e4rung<\/a><\/p>\n<p>[\/et_pb_text][\/et_pb_column][\/et_pb_row][\/et_pb_section]<\/p>\n","protected":false},"excerpt":{"rendered":"<p>Anmelde\u00adv\u00ader\u00adfahren Dazu gilt fol\u00adgen\u00adder Ablauf:1. schriftliche Vormerkung \u00fcber das For\u00admu\u00adlar (unverbindlich)2. Schul\u00adver\u00adtrag unterschreiben3. Schul\u00addiag\u00adnosetest (Ein\u00adladung erfol\u00adgt von der Schule)4. Schu\u00adlauf\u00adnah\u00admege\u00adspr\u00e4ch an der Schule Auch ein Quere\u00adin\u00adstieg an unsere Schule ist&nbsp;[\u2026]<\/p>\n","protected":false},"author":1,"featured_media":0,"parent":0,"menu_order":0,"comment_status":"closed","ping_status":"closed","template":"","meta":{"_et_pb_use_builder":"on","_et_pb_old_content":"","_et_gb_content_width":"","inline_featured_image":false,"wp_typography_post_enhancements_disabled":false,"footnotes":""},"class_list":["post-2250","page","type-page","status-publish","hentry"],"yoast_head":"<!-- This site is optimized with the Yoast SEO plugin v27.3 - https:\/\/yoast.com\/product\/yoast-seo-wordpress\/ -->\n<title>Anmeldung - Grundschule | Freie Evangelischen Schule und Kindertagesst\u00e4tte Heidenheim e. V.<\/title>\n<meta name=\"robots\" content=\"index, follow, max-snippet:-1, max-image-preview:large, max-video-preview:-1\" \/>\n<link rel=\"canonical\" href=\"https:\/\/fes-heidenheim.de\/grundschule\/schulentdecker-2\/\" \/>\n<meta property=\"og:locale\" content=\"de_DE\" \/>\n<meta property=\"og:type\" content=\"article\" \/>\n<meta property=\"og:title\" content=\"Anmeldung - Grundschule | Freie Evangelischen Schule und Kindertagesst\u00e4tte Heidenheim e. V.\" \/>\n<meta property=\"og:description\" content=\"Anmeldeverfahren Dazu gilt folgender Ablauf:1. schriftliche Vormerkung \u00fcber das Formular (unverbindlich)2. Schulvertrag unterschreiben3. Schuldiagnosetest (Einladung erfolgt von der Schule)4. Schulaufnahmegespr\u00e4ch an der Schule Auch ein Quereinstieg an unsere Schule ist [&hellip;]\" \/>\n<meta property=\"og:url\" content=\"https:\/\/fes-heidenheim.de\/grundschule\/schulentdecker-2\/\" \/>\n<meta property=\"og:site_name\" content=\"Grundschule | Freie Evangelischen Schule und Kindertagesst\u00e4tte Heidenheim e. V.\" \/>\n<meta property=\"article:modified_time\" content=\"2026-02-18T09:08:25+00:00\" \/>\n<meta name=\"twitter:card\" content=\"summary_large_image\" \/>\n<meta name=\"twitter:label1\" content=\"Gesch\u00e4tzte Lesezeit\" \/>\n\t<meta name=\"twitter:data1\" content=\"5\u00a0Minuten\" \/>\n<script type=\"application\/ld+json\" class=\"yoast-schema-graph\">{\"@context\":\"https:\\\/\\\/schema.org\",\"@graph\":[{\"@type\":\"WebPage\",\"@id\":\"https:\\\/\\\/fes-heidenheim.de\\\/grundschule\\\/schulentdecker-2\\\/\",\"url\":\"https:\\\/\\\/fes-heidenheim.de\\\/grundschule\\\/schulentdecker-2\\\/\",\"name\":\"Anmeldung - Grundschule | Freie Evangelischen Schule und Kindertagesst\u00e4tte Heidenheim e. V.\",\"isPartOf\":{\"@id\":\"https:\\\/\\\/fes-heidenheim.de\\\/grundschule\\\/#website\"},\"datePublished\":\"2022-03-24T15:18:01+00:00\",\"dateModified\":\"2026-02-18T09:08:25+00:00\",\"breadcrumb\":{\"@id\":\"https:\\\/\\\/fes-heidenheim.de\\\/grundschule\\\/schulentdecker-2\\\/#breadcrumb\"},\"inLanguage\":\"de\",\"potentialAction\":[{\"@type\":\"ReadAction\",\"target\":[\"https:\\\/\\\/fes-heidenheim.de\\\/grundschule\\\/schulentdecker-2\\\/\"]}]},{\"@type\":\"BreadcrumbList\",\"@id\":\"https:\\\/\\\/fes-heidenheim.de\\\/grundschule\\\/schulentdecker-2\\\/#breadcrumb\",\"itemListElement\":[{\"@type\":\"ListItem\",\"position\":1,\"name\":\"Startseite\",\"item\":\"https:\\\/\\\/fes-heidenheim.de\\\/grundschule\\\/\"},{\"@type\":\"ListItem\",\"position\":2,\"name\":\"Anmeldung\"}]},{\"@type\":\"WebSite\",\"@id\":\"https:\\\/\\\/fes-heidenheim.de\\\/grundschule\\\/#website\",\"url\":\"https:\\\/\\\/fes-heidenheim.de\\\/grundschule\\\/\",\"name\":\"Grundschule | Freie Evangelischen Schule und Kindertagesst\u00e4tte Heidenheim e. V.\",\"description\":\"Webseiten der Grundschule der Freien Evangelischen Schule und Kindertagesst\u00e4tte Heidenheim e.V.\",\"potentialAction\":[{\"@type\":\"SearchAction\",\"target\":{\"@type\":\"EntryPoint\",\"urlTemplate\":\"https:\\\/\\\/fes-heidenheim.de\\\/grundschule\\\/?s={search_term_string}\"},\"query-input\":{\"@type\":\"PropertyValueSpecification\",\"valueRequired\":true,\"valueName\":\"search_term_string\"}}],\"inLanguage\":\"de\"}]}<\/script>\n<!-- \/ Yoast SEO plugin. -->","yoast_head_json":{"title":"Anmeldung - Grundschule | Freie Evangelischen Schule und Kindertagesst\u00e4tte Heidenheim e. V.","robots":{"index":"index","follow":"follow","max-snippet":"max-snippet:-1","max-image-preview":"max-image-preview:large","max-video-preview":"max-video-preview:-1"},"canonical":"https:\/\/fes-heidenheim.de\/grundschule\/schulentdecker-2\/","og_locale":"de_DE","og_type":"article","og_title":"Anmeldung - Grundschule | Freie Evangelischen Schule und Kindertagesst\u00e4tte Heidenheim e. V.","og_description":"Anmeldeverfahren Dazu gilt folgender Ablauf:1. schriftliche Vormerkung \u00fcber das Formular (unverbindlich)2. Schulvertrag unterschreiben3. Schuldiagnosetest (Einladung erfolgt von der Schule)4. Schulaufnahmegespr\u00e4ch an der Schule Auch ein Quereinstieg an unsere Schule ist [&hellip;]","og_url":"https:\/\/fes-heidenheim.de\/grundschule\/schulentdecker-2\/","og_site_name":"Grundschule | Freie Evangelischen Schule und Kindertagesst\u00e4tte Heidenheim e. V.","article_modified_time":"2026-02-18T09:08:25+00:00","twitter_card":"summary_large_image","twitter_misc":{"Gesch\u00e4tzte Lesezeit":"5\u00a0Minuten"},"schema":{"@context":"https:\/\/schema.org","@graph":[{"@type":"WebPage","@id":"https:\/\/fes-heidenheim.de\/grundschule\/schulentdecker-2\/","url":"https:\/\/fes-heidenheim.de\/grundschule\/schulentdecker-2\/","name":"Anmeldung - Grundschule | Freie Evangelischen Schule und Kindertagesst\u00e4tte Heidenheim e. V.","isPartOf":{"@id":"https:\/\/fes-heidenheim.de\/grundschule\/#website"},"datePublished":"2022-03-24T15:18:01+00:00","dateModified":"2026-02-18T09:08:25+00:00","breadcrumb":{"@id":"https:\/\/fes-heidenheim.de\/grundschule\/schulentdecker-2\/#breadcrumb"},"inLanguage":"de","potentialAction":[{"@type":"ReadAction","target":["https:\/\/fes-heidenheim.de\/grundschule\/schulentdecker-2\/"]}]},{"@type":"BreadcrumbList","@id":"https:\/\/fes-heidenheim.de\/grundschule\/schulentdecker-2\/#breadcrumb","itemListElement":[{"@type":"ListItem","position":1,"name":"Startseite","item":"https:\/\/fes-heidenheim.de\/grundschule\/"},{"@type":"ListItem","position":2,"name":"Anmeldung"}]},{"@type":"WebSite","@id":"https:\/\/fes-heidenheim.de\/grundschule\/#website","url":"https:\/\/fes-heidenheim.de\/grundschule\/","name":"Grundschule | Freie Evangelischen Schule und Kindertagesst\u00e4tte Heidenheim e. V.","description":"Webseiten der Grundschule der Freien Evangelischen Schule und Kindertagesst\u00e4tte Heidenheim e.V.","potentialAction":[{"@type":"SearchAction","target":{"@type":"EntryPoint","urlTemplate":"https:\/\/fes-heidenheim.de\/grundschule\/?s={search_term_string}"},"query-input":{"@type":"PropertyValueSpecification","valueRequired":true,"valueName":"search_term_string"}}],"inLanguage":"de"}]}},"_links":{"self":[{"href":"https:\/\/fes-heidenheim.de\/grundschule\/wp-json\/wp\/v2\/pages\/2250","targetHints":{"allow":["GET"]}}],"collection":[{"href":"https:\/\/fes-heidenheim.de\/grundschule\/wp-json\/wp\/v2\/pages"}],"about":[{"href":"https:\/\/fes-heidenheim.de\/grundschule\/wp-json\/wp\/v2\/types\/page"}],"author":[{"embeddable":true,"href":"https:\/\/fes-heidenheim.de\/grundschule\/wp-json\/wp\/v2\/users\/1"}],"replies":[{"embeddable":true,"href":"https:\/\/fes-heidenheim.de\/grundschule\/wp-json\/wp\/v2\/comments?post=2250"}],"version-history":[{"count":8,"href":"https:\/\/fes-heidenheim.de\/grundschule\/wp-json\/wp\/v2\/pages\/2250\/revisions"}],"predecessor-version":[{"id":3825,"href":"https:\/\/fes-heidenheim.de\/grundschule\/wp-json\/wp\/v2\/pages\/2250\/revisions\/3825"}],"wp:attachment":[{"href":"https:\/\/fes-heidenheim.de\/grundschule\/wp-json\/wp\/v2\/media?parent=2250"}],"curies":[{"name":"wp","href":"https:\/\/api.w.org\/{rel}","templated":true}]}}