{"id":2324,"date":"2021-10-16T11:40:16","date_gmt":"2021-10-16T09:40:16","guid":{"rendered":"https:\/\/fes-heidenheim.de\/gymnasium\/?page_id=2324"},"modified":"2022-06-28T08:36:36","modified_gmt":"2022-06-28T06:36:36","slug":"2324-2","status":"publish","type":"page","link":"https:\/\/fes-heidenheim.de\/gymnasium\/2324-2\/","title":{"rendered":"Kontakt"},"content":{"rendered":"<p>[et_pb_section fb_built=\u201c1\u201d admin_label=\u201cTeam 1\u201d _builder_version=\u201c4.17.1\u201d background_color=\u201c#F2F2F2\u201d global_colors_info=\u201d{}\u201d][et_pb_row _builder_version=\u201c4.16.0\u201d _module_preset=\u201cdefault\u201d custom_margin=\u201d||-40px||false|false\u201d locked=\u201coff\u201d global_colors_info=\u201d{}\u201d][et_pb_column type=\u201c4_4\u201d _builder_version=\u201c4.16.0\u201d _module_preset=\u201cdefault\u201d global_colors_info=\u201d{}\u201d][et_pb_text _builder_version=\u201c4.17.1\u201d _module_preset=\u201cdefault\u201d header_3_text_color=\u201c#000000\u201d global_colors_info=\u201d{}\u201d]<\/p>\n<h3><strong>Sekretariat und Schulleitung<br><\/strong><\/h3>\n<h3>Kontakt und \u00d6ffnungszeiten<\/h3>\n<p>[\/et_pb_text][\/et_pb_column][\/et_pb_row][et_pb_row column_structure=\u201c1_2,1_2\u201d admin_label=\u201cTimo Berg\u00adert\u201d _builder_version=\u201c4.16\u201d custom_padding=\u201d||0px|||\u201d global_colors_info=\u201d{}\u201d][et_pb_column type=\u201c1_2\u201d module_class=\u201ccolumn1\u201d _builder_version=\u201c4.16\u201d custom_padding=\u201d|||\u201d global_colors_info=\u201d{}\u201d custom_padding__hover=\u201d|||\u201d][et_pb_text _builder_version=\u201c4.16.0\u201d _module_preset=\u201cdefault\u201d custom_margin=\u201d||||false|false\u201d custom_padding=\u201c20px||||false|false\u201d border_width_top=\u201c2px\u201d border_color_top=\u201c#000000\u201d global_colors_info=\u201d{}\u201d]<\/p>\n<h5><strong>Kontakt<\/strong><\/h5>\n<p>&nbsp;<\/p>\n<p>[\/et_pb_text][et_pb_text _builder_version=\u201c4.17.3\u201d _module_preset=\u201cdefault\u201d custom_margin=\u201d-40px||||false|false\u201d global_colors_info=\u201d{}\u201d]<\/p>\n<p>Freie Evan\u00adge\u00adlis\u00adche Schule und Kindertagesst\u00e4tte Hei\u00adden\u00adheim<br><strong>Gym\u00adna\u00adsi\u00adum<\/strong><br><strong><\/strong><\/p>\n<p>Kurze Stra\u00dfe 9<br>89522 Hei\u00adden\u00adheim<\/p>\n<p><strong>Sekre\u00adtari\u00adat<\/strong><br>Tele\u00adfon: 07321 273 785<br>E\u2011Mail: <a href=\"mailto:gymnasium@fes-heidenheim.de\">gymnasium@fes-heidenheim.de<\/a><\/p>\n<p><strong>Schulleitung<\/strong><br>Herr Andreas Borkeloh<br>E\u2011Mail: borkeloh@fes-heidenheim.de<\/p>\n<p>[\/et_pb_text][\/et_pb_column][et_pb_column type=\u201c1_2\u201d module_class=\u201ccolumn2\u201d _builder_version=\u201c4.16\u201d custom_padding=\u201d|||\u201d global_colors_info=\u201d{}\u201d custom_padding__hover=\u201d|||\u201d][et_pb_text _builder_version=\u201c4.16.0\u201d _module_preset=\u201cdefault\u201d custom_padding=\u201c20px||||false|false\u201d border_width_top=\u201c2px\u201d border_color_top=\u201c#000000\u201d locked=\u201coff\u201d global_colors_info=\u201d{}\u201d]<\/p>\n<h5><strong>\u00d6ffnungszeiten<\/strong><\/h5>\n<p>&nbsp;<\/p>\n<p>[\/et_pb_text][et_pb_text _builder_version=\u201c4.17.4\u201d _module_preset=\u201cdefault\u201d custom_margin=\u201d-40px||||false|false\u201d hover_enabled=\u201c0\u201d global_colors_info=\u201d{}\u201d sticky_enabled=\u201c0\u201d]<\/p>\n<p><strong>\u00d6ff\u00adnungszeit\u00aden des Sekretariats<\/strong><\/p>\n<p class=\"moz-quote-pre\">Mon\u00adtag 8:00 \u2014 13:00 Uhr<br>Dien\u00adstag 7:30- 13:45 Uhr<br>Mittwoch 7:45 \u2014 13:45 Uhr<br>Don\u00adner\u00adstag 7:30 \u2014 13:45 Uhr<br>Fre\u00aditag 7:45 \u2014 13:45&nbsp;Uhr<\/p>\n<p class=\"moz-quote-pre\">und nach Vereinbarung<\/p>\n<p>Das Sekre\u00adtari\u00adat befind\u00adet sich im 1.&nbsp;Stock.<\/p>\n<p>&nbsp;<\/p>\n<p>&nbsp;<\/p>\n<p>[\/et_pb_text][\/et_pb_column][\/et_pb_row][et_pb_row _builder_version=\u201c4.16.0\u201d _module_preset=\u201cdefault\u201d global_colors_info=\u201d{}\u201d][et_pb_column type=\u201c4_4\u201d _builder_version=\u201c4.16.0\u201d _module_preset=\u201cdefault\u201d global_colors_info=\u201d{}\u201d][et_pb_image src=\u201chttps:\/\/fes-heidenheim.de\/gymnasium\/wp-content\/uploads\/sites\/8\/2022\/06\/kontakt-fes-gym.jpg\u201d title_text=\u201cFreie Evan\u00adge\u00adlis\u00adche Schule Hei\u00adden\u00adheim\u201d _builder_version=\u201c4.17.4\u201d _module_preset=\u201cdefault\u201d global_colors_info=\u201d{}\u201d][\/et_pb_image][\/et_pb_column][\/et_pb_row][\/et_pb_section]<\/p>\n","protected":false},"excerpt":{"rendered":"<p>Sekre\u00adtari\u00adat und Schulleitung Kon\u00adtakt und \u00d6ff\u00adnungszeit\u00adenKon\u00adtakt &nbsp;Freie Evan\u00adge\u00adlis\u00adche Schule und Kindertagesst\u00e4tte Hei\u00adden\u00adheim\u00adGym\u00adna\u00adsi\u00adum Kurze Stra\u00dfe 989522 Hei\u00adden\u00adheim Sekre\u00adtari\u00adat\u00adTele\u00adfon: 07321 273 785E-Mail: gymnasium@fes-heidenheim.de SchulleitungHerr Andreas Borkelo\u00adhE-Mail: borkeloh@fes-heidenheim.de\u00d6ffnungszeiten &nbsp;\u00d6ff\u00adnungszeit\u00aden des Sekre\u00adtari\u00adats Mon\u00adtag 8:00 [\u2026]<\/p>\n","protected":false},"author":1,"featured_media":0,"parent":0,"menu_order":0,"comment_status":"closed","ping_status":"closed","template":"","meta":{"_et_pb_use_builder":"on","_et_pb_old_content":"","_et_gb_content_width":"","inline_featured_image":false,"wp_typography_post_enhancements_disabled":false,"footnotes":""},"class_list":["post-2324","page","type-page","status-publish","hentry"],"yoast_head":"<!-- This site is optimized with the Yoast SEO plugin v27.3 - https:\/\/yoast.com\/product\/yoast-seo-wordpress\/ -->\n<title>Kontakt - Gymnasium | Freie Evangelische Schule und Kindertagesst\u00e4tte Heidenheim e. V.<\/title>\n<meta name=\"robots\" content=\"index, follow, max-snippet:-1, max-image-preview:large, max-video-preview:-1\" \/>\n<link rel=\"canonical\" href=\"https:\/\/fes-heidenheim.de\/gymnasium\/2324-2\/\" \/>\n<meta property=\"og:locale\" content=\"de_DE\" \/>\n<meta property=\"og:type\" content=\"article\" \/>\n<meta property=\"og:title\" content=\"Kontakt - Gymnasium | Freie Evangelische Schule und Kindertagesst\u00e4tte Heidenheim e. V.\" \/>\n<meta property=\"og:description\" content=\"Sekretariat und Schulleitung Kontakt und \u00d6ffnungszeitenKontakt &nbsp;Freie Evangelische Schule und Kindertagesst\u00e4tte HeidenheimGymnasium Kurze Stra\u00dfe 989522 Heidenheim SekretariatTelefon: 07321 273 785E-Mail: gymnasium@fes-heidenheim.de SchulleitungHerr Andreas BorkelohE-Mail: borkeloh@fes-heidenheim.de\u00d6ffnungszeiten &nbsp;\u00d6ffnungszeiten des Sekretariats Montag 8:00 [&hellip;]\" \/>\n<meta property=\"og:url\" content=\"https:\/\/fes-heidenheim.de\/gymnasium\/2324-2\/\" \/>\n<meta property=\"og:site_name\" content=\"Gymnasium | Freie Evangelische Schule und Kindertagesst\u00e4tte Heidenheim e. V.\" \/>\n<meta property=\"article:modified_time\" content=\"2022-06-28T06:36:36+00:00\" \/>\n<meta name=\"twitter:card\" content=\"summary_large_image\" \/>\n<meta name=\"twitter:label1\" content=\"Gesch\u00e4tzte Lesezeit\" \/>\n\t<meta name=\"twitter:data1\" content=\"2\u00a0Minuten\" \/>\n<script type=\"application\/ld+json\" class=\"yoast-schema-graph\">{\"@context\":\"https:\\\/\\\/schema.org\",\"@graph\":[{\"@type\":\"WebPage\",\"@id\":\"https:\\\/\\\/fes-heidenheim.de\\\/gymnasium\\\/2324-2\\\/\",\"url\":\"https:\\\/\\\/fes-heidenheim.de\\\/gymnasium\\\/2324-2\\\/\",\"name\":\"Kontakt - Gymnasium | Freie Evangelische Schule und Kindertagesst\u00e4tte Heidenheim e. V.\",\"isPartOf\":{\"@id\":\"https:\\\/\\\/fes-heidenheim.de\\\/gymnasium\\\/#website\"},\"datePublished\":\"2021-10-16T09:40:16+00:00\",\"dateModified\":\"2022-06-28T06:36:36+00:00\",\"breadcrumb\":{\"@id\":\"https:\\\/\\\/fes-heidenheim.de\\\/gymnasium\\\/2324-2\\\/#breadcrumb\"},\"inLanguage\":\"de\",\"potentialAction\":[{\"@type\":\"ReadAction\",\"target\":[\"https:\\\/\\\/fes-heidenheim.de\\\/gymnasium\\\/2324-2\\\/\"]}]},{\"@type\":\"BreadcrumbList\",\"@id\":\"https:\\\/\\\/fes-heidenheim.de\\\/gymnasium\\\/2324-2\\\/#breadcrumb\",\"itemListElement\":[{\"@type\":\"ListItem\",\"position\":1,\"name\":\"Startseite\",\"item\":\"https:\\\/\\\/fes-heidenheim.de\\\/gymnasium\\\/\"},{\"@type\":\"ListItem\",\"position\":2,\"name\":\"Kontakt\"}]},{\"@type\":\"WebSite\",\"@id\":\"https:\\\/\\\/fes-heidenheim.de\\\/gymnasium\\\/#website\",\"url\":\"https:\\\/\\\/fes-heidenheim.de\\\/gymnasium\\\/\",\"name\":\"Gymnasium | Freie Evangelische Schule und Kindertagesst\u00e4tte Heidenheim e. V.\",\"description\":\"Eine weitere Freie Evangelische Schule Heidenheim e.V. Websites Website\",\"potentialAction\":[{\"@type\":\"SearchAction\",\"target\":{\"@type\":\"EntryPoint\",\"urlTemplate\":\"https:\\\/\\\/fes-heidenheim.de\\\/gymnasium\\\/?s={search_term_string}\"},\"query-input\":{\"@type\":\"PropertyValueSpecification\",\"valueRequired\":true,\"valueName\":\"search_term_string\"}}],\"inLanguage\":\"de\"}]}<\/script>\n<!-- \/ Yoast SEO plugin. -->","yoast_head_json":{"title":"Kontakt - Gymnasium | Freie Evangelische Schule und Kindertagesst\u00e4tte Heidenheim e. V.","robots":{"index":"index","follow":"follow","max-snippet":"max-snippet:-1","max-image-preview":"max-image-preview:large","max-video-preview":"max-video-preview:-1"},"canonical":"https:\/\/fes-heidenheim.de\/gymnasium\/2324-2\/","og_locale":"de_DE","og_type":"article","og_title":"Kontakt - Gymnasium | Freie Evangelische Schule und Kindertagesst\u00e4tte Heidenheim e. V.","og_description":"Sekretariat und Schulleitung Kontakt und \u00d6ffnungszeitenKontakt &nbsp;Freie Evangelische Schule und Kindertagesst\u00e4tte HeidenheimGymnasium Kurze Stra\u00dfe 989522 Heidenheim SekretariatTelefon: 07321 273 785E-Mail: gymnasium@fes-heidenheim.de SchulleitungHerr Andreas BorkelohE-Mail: borkeloh@fes-heidenheim.de\u00d6ffnungszeiten &nbsp;\u00d6ffnungszeiten des Sekretariats Montag 8:00 [&hellip;]","og_url":"https:\/\/fes-heidenheim.de\/gymnasium\/2324-2\/","og_site_name":"Gymnasium | Freie Evangelische Schule und Kindertagesst\u00e4tte Heidenheim e. V.","article_modified_time":"2022-06-28T06:36:36+00:00","twitter_card":"summary_large_image","twitter_misc":{"Gesch\u00e4tzte Lesezeit":"2\u00a0Minuten"},"schema":{"@context":"https:\/\/schema.org","@graph":[{"@type":"WebPage","@id":"https:\/\/fes-heidenheim.de\/gymnasium\/2324-2\/","url":"https:\/\/fes-heidenheim.de\/gymnasium\/2324-2\/","name":"Kontakt - Gymnasium | Freie Evangelische Schule und Kindertagesst\u00e4tte Heidenheim e. V.","isPartOf":{"@id":"https:\/\/fes-heidenheim.de\/gymnasium\/#website"},"datePublished":"2021-10-16T09:40:16+00:00","dateModified":"2022-06-28T06:36:36+00:00","breadcrumb":{"@id":"https:\/\/fes-heidenheim.de\/gymnasium\/2324-2\/#breadcrumb"},"inLanguage":"de","potentialAction":[{"@type":"ReadAction","target":["https:\/\/fes-heidenheim.de\/gymnasium\/2324-2\/"]}]},{"@type":"BreadcrumbList","@id":"https:\/\/fes-heidenheim.de\/gymnasium\/2324-2\/#breadcrumb","itemListElement":[{"@type":"ListItem","position":1,"name":"Startseite","item":"https:\/\/fes-heidenheim.de\/gymnasium\/"},{"@type":"ListItem","position":2,"name":"Kontakt"}]},{"@type":"WebSite","@id":"https:\/\/fes-heidenheim.de\/gymnasium\/#website","url":"https:\/\/fes-heidenheim.de\/gymnasium\/","name":"Gymnasium | Freie Evangelische Schule und Kindertagesst\u00e4tte Heidenheim e. V.","description":"Eine weitere Freie Evangelische Schule Heidenheim e.V. Websites Website","potentialAction":[{"@type":"SearchAction","target":{"@type":"EntryPoint","urlTemplate":"https:\/\/fes-heidenheim.de\/gymnasium\/?s={search_term_string}"},"query-input":{"@type":"PropertyValueSpecification","valueRequired":true,"valueName":"search_term_string"}}],"inLanguage":"de"}]}},"_links":{"self":[{"href":"https:\/\/fes-heidenheim.de\/gymnasium\/wp-json\/wp\/v2\/pages\/2324","targetHints":{"allow":["GET"]}}],"collection":[{"href":"https:\/\/fes-heidenheim.de\/gymnasium\/wp-json\/wp\/v2\/pages"}],"about":[{"href":"https:\/\/fes-heidenheim.de\/gymnasium\/wp-json\/wp\/v2\/types\/page"}],"author":[{"embeddable":true,"href":"https:\/\/fes-heidenheim.de\/gymnasium\/wp-json\/wp\/v2\/users\/1"}],"replies":[{"embeddable":true,"href":"https:\/\/fes-heidenheim.de\/gymnasium\/wp-json\/wp\/v2\/comments?post=2324"}],"version-history":[{"count":28,"href":"https:\/\/fes-heidenheim.de\/gymnasium\/wp-json\/wp\/v2\/pages\/2324\/revisions"}],"predecessor-version":[{"id":3865,"href":"https:\/\/fes-heidenheim.de\/gymnasium\/wp-json\/wp\/v2\/pages\/2324\/revisions\/3865"}],"wp:attachment":[{"href":"https:\/\/fes-heidenheim.de\/gymnasium\/wp-json\/wp\/v2\/media?parent=2324"}],"curies":[{"name":"wp","href":"https:\/\/api.w.org\/{rel}","templated":true}]}}