{"id":1923,"date":"2021-09-26T12:14:55","date_gmt":"2021-09-26T10:14:55","guid":{"rendered":"https:\/\/fes-heidenheim.de\/kita\/?page_id=1923"},"modified":"2022-10-02T17:02:57","modified_gmt":"2022-10-02T15:02:57","slug":"aktuell","status":"publish","type":"page","link":"https:\/\/fes-heidenheim.de\/kita\/aktuell\/","title":{"rendered":"Aktu\u00adel\u00adles"},"content":{"rendered":"<p>[et_pb_section fb_built=\u201c1\u201d fullwidth=\u201con\u201d admin_label=\u201cHero 1\u201d module_class=\u201csfly_hero sfly_hero_1\u201d _builder_version=\u201c4.16\u201d background_color=\u201c#edd047\u201d global_colors_info=\u201d{}\u201d][et_pb_fullwidth_header title=\u201cWas uns wich\u00adtig ist\u201d text_orientation=\u201ccenter\u201d header_fullscreen=\u201con\u201d header_scroll_down=\u201con\u201d scroll_down_icon=\u201d%%1%%\u201d background_overlay_color=\u201crgba(0,0,0,0.25)\u201d module_class=\u201csfly_fullwidth_header\u201d _builder_version=\u201c4.16\u201d title_font=\u201d|700|||||||\u201d title_font_size=\u201c60px\u201d content_font_size=\u201c18px\u201d background_image=\u201chttps:\/\/fes-heidenheim.de\/kita\/wp-content\/uploads\/sites\/3\/2021\/11\/fes-kita-header-aktuelles-scaled.jpg\u201d custom_button_one=\u201con\u201d button_one_text_color=\u201d#ffffff\u201d button_one_bg_color=\u201crgba(255,255,255,0)\u201d button_one_border_color=\u201d#ffffff\u201d button_one_font=\u201d|700|||||||\u201d button_one_use_icon=\u201coff\u201d custom_button_two=\u201con\u201d button_two_font=\u201d|700|||||||\u201d button_two_use_icon=\u201coff\u201d animation_style=\u201cfade\u201d animation_duration=\u201c1500ms\u201d title_font_size_tablet=\u201c48px\u201d title_font_size_phone=\u201c36px\u201d title_font_size_last_edited=\u201con|phone\u201d custom_css_content=\u201cmax-width&nbsp;: 600px;||margin&nbsp;: 0 auto 15px;\u201d button_one_text_color_hover=\u201d#ffffff\u201d button_two_text_color_hover=\u201d#ffffff\u201d button_one_border_color_hover=\u201c#000000\u201d button_two_border_color_hover=\u201d#ffffff\u201d button_one_bg_color_hover=\u201c#000000\u201d button_two_bg_color_hover=\u201crgba(0,0,0,0)\u201d global_colors_info=\u201d{}\u201d button_one_text_size__hover_enabled=\u201coff\u201d button_two_text_size__hover_enabled=\u201coff\u201d button_one_text_color__hover_enabled=\u201con\u201d button_one_text_color__hover=\u201d#ffffff\u201d button_two_text_color__hover_enabled=\u201con\u201d button_two_text_color__hover=\u201d#ffffff\u201d button_one_border_width__hover_enabled=\u201coff\u201d button_two_border_width__hover_enabled=\u201coff\u201d button_one_border_color__hover_enabled=\u201con\u201d button_one_border_color__hover=\u201c#000000\u201d button_two_border_color__hover_enabled=\u201con\u201d button_two_border_color__hover=\u201d#ffffff\u201d button_one_border_radius__hover_enabled=\u201coff\u201d button_two_border_radius__hover_enabled=\u201coff\u201d button_one_letter_spacing__hover_enabled=\u201coff\u201d button_two_letter_spacing__hover_enabled=\u201coff\u201d button_one_bg_color__hover_enabled=\u201con\u201d button_one_bg_color__hover=\u201c#000000\u201d button_two_bg_color__hover_enabled=\u201con\u201d button_two_bg_color__hover=\u201crgba(0,0,0,0)\u201d]<\/p>\n<p>Jedes Kind in sei\u00adner indi\u00advi\u00addu\u00adel\u00adlen Ent\u00adwick\u00adlung zu unter\u00adst\u00fct\u00adzen ist uns ein beon\u00adde\u00adres Anlie\u00adgen. Hier ist es eben\u00adso wich\u00adtig, Raum f\u00fcr Bewe\u00adgung, Umwelt- und Natur\u00ader\u00adfah\u00adrung zu geben, wie die sozia\u00adle Ent\u00adwick\u00adlung und das Gemein\u00adschafts\u00adge\u00adf\u00fchl in einer Grup\u00adpe erle\u00adben zu k\u00f6nnen.<\/p>\n<p>[\/et_pb_fullwidth_header][\/et_pb_section][et_pb_section fb_built=\u201c1\u201d admin_label=\u201cBlog 2\u201d module_id=\u201caktuelles-newsblog\u201d _builder_version=\u201c4.17.3\u201d background_color=\u201crgba(255,215,0,0.5)\u201d custom_padding=\u201d|||\u201d link_option_url=\u201d#aktuelles-newsblog\u201d saved_tabs=\u201call\u201d locked=\u201coff\u201d global_colors_info=\u201d{}\u201d][et_pb_row _builder_version=\u201c4.16.0\u201d _module_preset=\u201cdefault\u201d locked=\u201coff\u201d global_colors_info=\u201d{}\u201d][et_pb_column type=\u201c4_4\u201d _builder_version=\u201c4.16.0\u201d _module_preset=\u201cdefault\u201d global_colors_info=\u201d{}\u201d][et_pb_text _builder_version=\u201c4.16.0\u201d _module_preset=\u201cdefault\u201d header_3_text_color=\u201c#000000\u201d global_colors_info=\u201d{}\u201d]<\/p>\n<h3><strong>Neu\u00adig\u00adkei\u00adten aus der&nbsp;KiTa<br><\/strong><\/h3>\n<h3>Infor\u00admiert, was bei uns passiert<\/h3>\n<p>[\/et_pb_text][\/et_pb_column][\/et_pb_row][et_pb_row _builder_version=\u201c4.16\u201d custom_padding=\u201c50px||0px|||\u201d global_colors_info=\u201d{}\u201d][et_pb_column type=\u201c4_4\u201d _builder_version=\u201c4.16\u201d custom_padding=\u201d|||\u201d global_colors_info=\u201d{}\u201d custom_padding__hover=\u201d|||\u201d][et_pb_blog fullwidth=\u201coff\u201d posts_number=\u201c9\u201d meta_date=\u201cj. F Y\u201d excerpt_length=\u201c200\u201d show_more=\u201con\u201d show_author=\u201coff\u201d show_categories=\u201coff\u201d masonry_tile_background_color=\u201crgba(0,0,0,0)\u201d module_class=\u201cpa-blog-equal-height\u201d _builder_version=\u201c4.18.0\u201d header_level=\u201ch1\u201d header_font=\u201cRaleway|700|||||||\u201d header_font_size=\u201c24px\u201d header_line_height=\u201c1.6em\u201d body_font=\u201cMerriweather||||||||\u201d body_text_color=\u201c#000000\u201d meta_font=\u201d||||||||\u201d meta_text_color=\u201c#000000\u201d meta_font_size=\u201c16px\u201d meta_line_height=\u201c1.3em\u201d read_more_font=\u201cRaleway|700|||||||\u201d read_more_text_color=\u201c#000000\u201d read_more_font_size=\u201c16px\u201d text_orientation=\u201cleft\u201d custom_padding=\u201d|||\u201d animation_style=\u201cfade\u201d hover_enabled=\u201c0\u201d border_width_all=\u201c0px\u201d border_color_all=\u201c#f2f2f2\u201d border_width_bottom=\u201c3px\u201d border_color_bottom=\u201c#000000\u201d global_colors_info=\u201d{}\u201d include_categories=\u201c35\u201d sticky_enabled=\u201c0\u201d][\/et_pb_blog][\/et_pb_column][\/et_pb_row][\/et_pb_section][et_pb_section fb_built=\u201c1\u201d admin_label=\u201cTeam 3\u201d module_class=\u201csfly_team sfly_team_3\u201d _builder_version=\u201c4.16\u201d custom_padding=\u201c0px||0px||true\u201d global_colors_info=\u201d{}\u201d][et_pb_row column_structure=\u201c1_2,1_2\u201d use_custom_gutter=\u201con\u201d gutter_width=\u201c1\u201d make_equal=\u201con\u201d padding_top_bottom_link_2=\u201ctrue\u201d padding_left_right_link_2=\u201ctrue\u201d module_class=\u201d et_pb_row_fullwidth\u201d _builder_version=\u201c4.16\u201d width=\u201c100%\u201d width_tablet=\u201c100%\u201d width_phone=\u201d\u201d width_last_edited=\u201con|desktop\u201d max_width=\u201c100%\u201d max_width_tablet=\u201c100%\u201d max_width_phone=\u201d\u201d max_width_last_edited=\u201con|desktop\u201d custom_padding=\u201c0px||0px||true\u201d make_fullwidth=\u201con\u201d global_colors_info=\u201d{}\u201d][et_pb_column type=\u201c1_2\u201d module_class=\u201ccolumn1\u201d _builder_version=\u201c4.16\u201d background_image=\u201chttps:\/\/fes-heidenheim.de\/kita\/wp-content\/uploads\/sites\/2\/2021\/09\/fes-kita-aktuelles.jpg\u201d custom_padding=\u201d|||\u201d global_colors_info=\u201d{}\u201d custom_padding__hover=\u201d|||\u201d][et_pb_divider color=\u201crgba(0,0,0,0)\u201d module_class=\u201cdivider_spacer\u201d _builder_version=\u201c4.16\u201d global_colors_info=\u201d{}\u201d][\/et_pb_divider][\/et_pb_column][et_pb_column type=\u201c1_2\u201d module_class=\u201ccolumn2\u201d _builder_version=\u201c4.16\u201d background_color=\u201crgba(237,208,71,0.8)\u201d custom_padding=\u201c5%|5%|5%|5%\u201d custom_padding_tablet=\u201c10%|10%|10%|10%|true|true\u201d custom_padding_phone=\u201d\u201d custom_padding_last_edited=\u201con|tablet\u201d global_colors_info=\u201d{}\u201d custom_padding__hover=\u201d|||\u201d][et_pb_text quote_border_weight=\u201c0px\u201d quote_border_color=\u201crgba(0,0,0,0)\u201d _builder_version=\u201c4.16\u201d text_font=\u201d||||||||\u201d link_font=\u201d|100|||on|||#000000|\u201d link_text_color=\u201c#000000\u201d quote_font=\u201cPlayfair Display||on||||||\u201d quote_text_color=\u201c#000000\u201d quote_line_height=\u201c1.3em\u201d header_font=\u201d|700|||||||\u201d header_2_font=\u201d|700|||||||\u201d header_3_font=\u201d|700|||||||\u201d header_3_text_color=\u201c#000000\u201d header_4_letter_spacing=\u201c12px\u201d header_5_font=\u201d|300|||||||\u201d header_5_text_color=\u201d#bfbfbf\u201d header_5_letter_spacing=\u201c12px\u201d header_6_font=\u201d|700|||||||\u201d header_6_letter_spacing=\u201c12px\u201d module_alignment=\u201cleft\u201d custom_margin=\u201d||30px|\u201d custom_margin_tablet=\u201d\u201d custom_margin_phone=\u201d\u201d custom_margin_last_edited=\u201con|tablet\u201d animation_style=\u201cfade\u201d quote_font_size_tablet=\u201d\u201d quote_font_size_phone=\u201d\u201d quote_font_size_last_edited=\u201con|desktop\u201d saved_tabs=\u201call\u201d locked=\u201coff\u201d global_colors_info=\u201d{}\u201d]<\/p>\n<h2>Gebor\u00adgen\u00adheit hat vie\u00adle&nbsp;Namen<\/h2>\n<p>&nbsp;<\/p>\n<p>Wenn ich trau\u00adrig bin, brau\u00adche ich<br>jeman\u00adden, der mich tr\u00f6s\u00adtet,<br>wenn ich w\u00fctend bin, brau\u00adche ich<br>jeman\u00adden der mich aus\u00adh\u00e4lt,<br>wenn ich lache, brau\u00adche ich<br>jeman\u00adden, der sich mit mir freut,<br>wenn ich unsi\u00adcher bin, brau\u00adche ich<br>jeman\u00adden, der mir Zuver\u00adsicht gibt,<br>wenn ich unge\u00addul\u00addig bin, brau\u00adche ich<br>jeman\u00adden, der mich beru\u00adhi\u00adgen kann,<br>wenn ich zweif\u00adle, brau\u00adche ich<br>jeman\u00adden, der mir Mut und Aner\u00adken\u00adnung schenkt,<br>wenn ich etwas gelernt habe, brau\u00adche ich<br>jeman\u00adden, der ich es zei\u00adgen kann,<br>wenn ich ein\u00adsam bin, brau\u00adche ich<br>jeman\u00adden, der mich in den Arm nimmt,<br>wenn ich sicher auf\u00adwach\u00adsen soll, brau\u00adche ich<br>jeman\u00adden, der mir Gebor\u00adgen\u00adheit schenkt.<\/p>\n<p>(Quel\u00adle unbekannt)<\/p>\n<p>\u2026Des\u00adhalb gestal\u00adten wir unse\u00adre Kin\u00adder\u00adta\u00adges\u00adst\u00e4t\u00adte als einen Ort der Freu\u00adde und Offen\u00adheit. Wir geben den Kin\u00addern Zeit f\u00fcr ihre Bed\u00fcrf\u00adnis\u00adse und schaf\u00adfen eine angst\u00adfreie und ange\u00adneh\u00adme Atmosph\u00e4re.<\/p>\n<p>[\/et_pb_text][\/et_pb_column][\/et_pb_row][\/et_pb_section]<\/p>\n","protected":false},"excerpt":{"rendered":"<p>Jedes Kind in sei\u00adner indi\u00advi\u00addu\u00adel\u00adlen Ent\u00adwick\u00adlung zu unter\u00adst\u00fct\u00adzen ist uns ein beon\u00adde\u00adres Anlie\u00adgen. Hier ist es eben\u00adso wich\u00adtig, Raum f\u00fcr Bewe\u00adgung, Umwelt- und Natur\u00ader\u00adfah\u00adrung zu geben, wie die sozia\u00adle Entwicklung&nbsp;[\u2026]<\/p>\n","protected":false},"author":3,"featured_media":0,"parent":0,"menu_order":0,"comment_status":"closed","ping_status":"closed","template":"","meta":{"_et_pb_use_builder":"on","_et_pb_old_content":"","_et_gb_content_width":"","inline_featured_image":false,"wp_typography_post_enhancements_disabled":false,"footnotes":""},"class_list":["post-1923","page","type-page","status-publish","hentry"],"yoast_head":"<!-- This site is optimized with the Yoast SEO plugin v27.3 - https:\/\/yoast.com\/product\/yoast-seo-wordpress\/ -->\n<title>Aktuelles - Kindertagesst\u00e4tte | Freie Evangelischen Schule und Kindertagesst\u00e4tte Heidenheim e. V.<\/title>\n<meta name=\"robots\" content=\"index, follow, max-snippet:-1, max-image-preview:large, max-video-preview:-1\" \/>\n<link rel=\"canonical\" href=\"https:\/\/fes-heidenheim.de\/kita\/aktuell\/\" \/>\n<meta property=\"og:locale\" content=\"de_DE\" \/>\n<meta property=\"og:type\" content=\"article\" \/>\n<meta property=\"og:title\" content=\"Aktuelles - Kindertagesst\u00e4tte | Freie Evangelischen Schule und Kindertagesst\u00e4tte Heidenheim e. V.\" \/>\n<meta property=\"og:description\" content=\"Jedes Kind in seiner individuellen Entwicklung zu unterst\u00fctzen ist uns ein beonderes Anliegen. Hier ist es ebenso wichtig, Raum f\u00fcr Bewegung, Umwelt- und Naturerfahrung zu geben, wie die soziale Entwicklung [&hellip;]\" \/>\n<meta property=\"og:url\" content=\"https:\/\/fes-heidenheim.de\/kita\/aktuell\/\" \/>\n<meta property=\"og:site_name\" content=\"Kindertagesst\u00e4tte | Freie Evangelischen Schule und Kindertagesst\u00e4tte Heidenheim e. V.\" \/>\n<meta property=\"article:modified_time\" content=\"2022-10-02T15:02:57+00:00\" \/>\n<meta name=\"twitter:card\" content=\"summary_large_image\" \/>\n<meta name=\"twitter:label1\" content=\"Gesch\u00e4tzte Lesezeit\" \/>\n\t<meta name=\"twitter:data1\" content=\"5\u00a0Minuten\" \/>\n<script type=\"application\/ld+json\" class=\"yoast-schema-graph\">{\"@context\":\"https:\\\/\\\/schema.org\",\"@graph\":[{\"@type\":\"WebPage\",\"@id\":\"https:\\\/\\\/fes-heidenheim.de\\\/kita\\\/aktuell\\\/\",\"url\":\"https:\\\/\\\/fes-heidenheim.de\\\/kita\\\/aktuell\\\/\",\"name\":\"Aktuelles - Kindertagesst\u00e4tte | Freie Evangelischen Schule und Kindertagesst\u00e4tte Heidenheim e. V.\",\"isPartOf\":{\"@id\":\"https:\\\/\\\/fes-heidenheim.de\\\/kita\\\/#website\"},\"datePublished\":\"2021-09-26T10:14:55+00:00\",\"dateModified\":\"2022-10-02T15:02:57+00:00\",\"breadcrumb\":{\"@id\":\"https:\\\/\\\/fes-heidenheim.de\\\/kita\\\/aktuell\\\/#breadcrumb\"},\"inLanguage\":\"de\",\"potentialAction\":[{\"@type\":\"ReadAction\",\"target\":[\"https:\\\/\\\/fes-heidenheim.de\\\/kita\\\/aktuell\\\/\"]}]},{\"@type\":\"BreadcrumbList\",\"@id\":\"https:\\\/\\\/fes-heidenheim.de\\\/kita\\\/aktuell\\\/#breadcrumb\",\"itemListElement\":[{\"@type\":\"ListItem\",\"position\":1,\"name\":\"Startseite\",\"item\":\"https:\\\/\\\/fes-heidenheim.de\\\/kita\\\/\"},{\"@type\":\"ListItem\",\"position\":2,\"name\":\"Aktuelles\"}]},{\"@type\":\"WebSite\",\"@id\":\"https:\\\/\\\/fes-heidenheim.de\\\/kita\\\/#website\",\"url\":\"https:\\\/\\\/fes-heidenheim.de\\\/kita\\\/\",\"name\":\"Kindertagesst\u00e4tte | Freie Evangelischen Schule und Kindertagesst\u00e4tte Heidenheim e. V.\",\"description\":\"Du bist uns wichtig, hier bist du richtig!\",\"potentialAction\":[{\"@type\":\"SearchAction\",\"target\":{\"@type\":\"EntryPoint\",\"urlTemplate\":\"https:\\\/\\\/fes-heidenheim.de\\\/kita\\\/?s={search_term_string}\"},\"query-input\":{\"@type\":\"PropertyValueSpecification\",\"valueRequired\":true,\"valueName\":\"search_term_string\"}}],\"inLanguage\":\"de\"}]}<\/script>\n<!-- \/ Yoast SEO plugin. -->","yoast_head_json":{"title":"Aktuelles - Kindertagesst\u00e4tte | Freie Evangelischen Schule und Kindertagesst\u00e4tte Heidenheim e. V.","robots":{"index":"index","follow":"follow","max-snippet":"max-snippet:-1","max-image-preview":"max-image-preview:large","max-video-preview":"max-video-preview:-1"},"canonical":"https:\/\/fes-heidenheim.de\/kita\/aktuell\/","og_locale":"de_DE","og_type":"article","og_title":"Aktuelles - Kindertagesst\u00e4tte | Freie Evangelischen Schule und Kindertagesst\u00e4tte Heidenheim e. V.","og_description":"Jedes Kind in seiner individuellen Entwicklung zu unterst\u00fctzen ist uns ein beonderes Anliegen. Hier ist es ebenso wichtig, Raum f\u00fcr Bewegung, Umwelt- und Naturerfahrung zu geben, wie die soziale Entwicklung [&hellip;]","og_url":"https:\/\/fes-heidenheim.de\/kita\/aktuell\/","og_site_name":"Kindertagesst\u00e4tte | Freie Evangelischen Schule und Kindertagesst\u00e4tte Heidenheim e. V.","article_modified_time":"2022-10-02T15:02:57+00:00","twitter_card":"summary_large_image","twitter_misc":{"Gesch\u00e4tzte Lesezeit":"5\u00a0Minuten"},"schema":{"@context":"https:\/\/schema.org","@graph":[{"@type":"WebPage","@id":"https:\/\/fes-heidenheim.de\/kita\/aktuell\/","url":"https:\/\/fes-heidenheim.de\/kita\/aktuell\/","name":"Aktuelles - Kindertagesst\u00e4tte | Freie Evangelischen Schule und Kindertagesst\u00e4tte Heidenheim e. V.","isPartOf":{"@id":"https:\/\/fes-heidenheim.de\/kita\/#website"},"datePublished":"2021-09-26T10:14:55+00:00","dateModified":"2022-10-02T15:02:57+00:00","breadcrumb":{"@id":"https:\/\/fes-heidenheim.de\/kita\/aktuell\/#breadcrumb"},"inLanguage":"de","potentialAction":[{"@type":"ReadAction","target":["https:\/\/fes-heidenheim.de\/kita\/aktuell\/"]}]},{"@type":"BreadcrumbList","@id":"https:\/\/fes-heidenheim.de\/kita\/aktuell\/#breadcrumb","itemListElement":[{"@type":"ListItem","position":1,"name":"Startseite","item":"https:\/\/fes-heidenheim.de\/kita\/"},{"@type":"ListItem","position":2,"name":"Aktuelles"}]},{"@type":"WebSite","@id":"https:\/\/fes-heidenheim.de\/kita\/#website","url":"https:\/\/fes-heidenheim.de\/kita\/","name":"Kindertagesst\u00e4tte | Freie Evangelischen Schule und Kindertagesst\u00e4tte Heidenheim e. V.","description":"Du bist uns wichtig, hier bist du richtig!","potentialAction":[{"@type":"SearchAction","target":{"@type":"EntryPoint","urlTemplate":"https:\/\/fes-heidenheim.de\/kita\/?s={search_term_string}"},"query-input":{"@type":"PropertyValueSpecification","valueRequired":true,"valueName":"search_term_string"}}],"inLanguage":"de"}]}},"_links":{"self":[{"href":"https:\/\/fes-heidenheim.de\/kita\/wp-json\/wp\/v2\/pages\/1923","targetHints":{"allow":["GET"]}}],"collection":[{"href":"https:\/\/fes-heidenheim.de\/kita\/wp-json\/wp\/v2\/pages"}],"about":[{"href":"https:\/\/fes-heidenheim.de\/kita\/wp-json\/wp\/v2\/types\/page"}],"author":[{"embeddable":true,"href":"https:\/\/fes-heidenheim.de\/kita\/wp-json\/wp\/v2\/users\/3"}],"replies":[{"embeddable":true,"href":"https:\/\/fes-heidenheim.de\/kita\/wp-json\/wp\/v2\/comments?post=1923"}],"version-history":[{"count":26,"href":"https:\/\/fes-heidenheim.de\/kita\/wp-json\/wp\/v2\/pages\/1923\/revisions"}],"predecessor-version":[{"id":239172,"href":"https:\/\/fes-heidenheim.de\/kita\/wp-json\/wp\/v2\/pages\/1923\/revisions\/239172"}],"wp:attachment":[{"href":"https:\/\/fes-heidenheim.de\/kita\/wp-json\/wp\/v2\/media?parent=1923"}],"curies":[{"name":"wp","href":"https:\/\/api.w.org\/{rel}","templated":true}]}}