{"id":2083,"date":"2021-10-03T08:23:53","date_gmt":"2021-10-03T06:23:53","guid":{"rendered":"https:\/\/fes-heidenheim.de\/kita\/?page_id=2083"},"modified":"2022-05-13T13:48:09","modified_gmt":"2022-05-13T11:48:09","slug":"team","status":"publish","type":"page","link":"https:\/\/fes-heidenheim.de\/kita\/team\/","title":{"rendered":"Lei\u00adtung &amp;&nbsp;Team"},"content":{"rendered":"<p>[et_pb_section fb_built=\u201c1\u201d admin_label=\u201cTeam 1\u201d module_class=\u201csfly_team sfly_team_1\u201d _builder_version=\u201c4.16\u201d background_color=\u201crgba(237,208,71,0.5)\u201d global_colors_info=\u201d{}\u201d][et_pb_row _builder_version=\u201c4.16\u201d _module_preset=\u201cdefault\u201d custom_padding=\u201c0px||0px|||\u201d global_colors_info=\u201d{}\u201d][et_pb_column type=\u201c4_4\u201d _builder_version=\u201c4.16\u201d _module_preset=\u201cdefault\u201d global_colors_info=\u201d{}\u201d][et_pb_image src=\u201chttps:\/\/fes-heidenheim.de\/grundschule\/wp-content\/uploads\/sites\/2\/2020\/06\/fes-logo2020-web-mob.png\u201d alt=\u201cfes Fisch\u00adchen\u201d title_text=\u201cfes-logo2020-web-mob\u201d align=\u201ccenter\u201d _builder_version=\u201c4.16\u201d _module_preset=\u201cdefault\u201d width=\u201c5%\u201d custom_margin=\u201d||9px|||\u201d global_colors_info=\u201d{}\u201d][\/et_pb_image][et_pb_text _builder_version=\u201c4.16\u201d _module_preset=\u201cdefault\u201d global_colors_info=\u201d{}\u201d]<\/p>\n<h4 style=\"text-align: center;\">Das KiTa-Team<\/h4>\n<p>[\/et_pb_text][\/et_pb_column][\/et_pb_row][et_pb_row column_structure=\u201c1_3,2_3\u201d _builder_version=\u201c4.16\u201d global_colors_info=\u201d{}\u201d][et_pb_column type=\u201c1_3\u201d module_class=\u201ccolumn1\u201d _builder_version=\u201c4.16\u201d custom_padding=\u201d|||\u201d global_colors_info=\u201d{}\u201d custom_padding__hover=\u201d|||\u201d][et_pb_image src=\u201chttps:\/\/fes-heidenheim.de\/kita\/wp-content\/uploads\/sites\/2\/2021\/10\/gabriele-mueller-kita-fes.jpg\u201d title_text=\u201cgabriele-mueller-kita-fes\u201d align=\u201ccenter\u201d align_tablet=\u201ccenter\u201d align_phone=\u201d\u201d align_last_edited=\u201con|desktop\u201d _builder_version=\u201c4.16\u201d animation_style=\u201cfade\u201d animation_duration=\u201c1500ms\u201d box_shadow_style=\u201cpreset1\u201d box_shadow_vertical=\u201c0px\u201d box_shadow_blur=\u201c80px\u201d box_shadow_color=\u201crgba(0,0,0,0.1)\u201d global_colors_info=\u201d{}\u201d][\/et_pb_image][\/et_pb_column][et_pb_column type=\u201c2_3\u201d module_class=\u201ccolumn2\u201d _builder_version=\u201c4.16\u201d custom_padding=\u201d|||\u201d global_colors_info=\u201d{}\u201d custom_padding__hover=\u201d|||\u201d][et_pb_text quote_border_weight=\u201c0px\u201d quote_border_color=\u201crgba(0,0,0,0)\u201d _builder_version=\u201c4.17.4\u201d text_font=\u201d||||||||\u201d link_font=\u201d|100|||on|||#000000|\u201d link_text_color=\u201c#000000\u201d quote_font=\u201cPlayfair Display||on||||||\u201d quote_text_color=\u201c#000000\u201d quote_line_height=\u201c1.3em\u201d header_font=\u201d|700|||||||\u201d header_2_font=\u201d|700|||||||\u201d header_3_font=\u201d|700|||||||\u201d header_3_text_color=\u201c#000000\u201d header_4_letter_spacing=\u201c12px\u201d header_5_font=\u201d|300|||||||\u201d header_5_text_color=\u201d#bfbfbf\u201d header_5_letter_spacing=\u201c12px\u201d header_6_font=\u201d|700|||||||\u201d header_6_letter_spacing=\u201c12px\u201d module_alignment=\u201cleft\u201d custom_margin=\u201d||30px|\u201d custom_margin_tablet=\u201d\u201d custom_margin_phone=\u201d\u201d custom_margin_last_edited=\u201con|tablet\u201d hover_enabled=\u201c0\u201d quote_font_size_tablet=\u201d\u201d quote_font_size_phone=\u201d\u201d quote_font_size_last_edited=\u201con|desktop\u201d saved_tabs=\u201call\u201d locked=\u201coff\u201d global_colors_info=\u201d{}\u201d sticky_enabled=\u201c0\u201d]<\/p>\n<h2>Gabrie\u00adle M\u00fcller<\/h2>\n<p><em>Lei\u00adtung<\/em><\/p>\n<p><strong>Die Seg\u00adnung der Kin\u00adder&nbsp;: Mk. 10,13\u201316<br><\/strong>13 Da brach\u00adte man Kin\u00adder zu ihm, damit er ihnen die H\u00e4n\u00adde auf\u00adleg\u00adte. Die J\u00fcn\u00adger aber wie\u00adsen die Leu\u00adte schroff ab.<br>14 Als Jesus das sah, wur\u00adde er unwil\u00adlig und sag\u00adte zu ihnen&nbsp;: Lasst die Kin\u00adder zu mir kom\u00admen&nbsp;; hin\u00addert sie nicht dar\u00adan&nbsp;! Denn Men\u00adschen wie ihnen geh\u00f6rt das Reich Got\u00adtes.<br>15 Amen, das sage ich euch&nbsp;: Wer das Reich Got\u00adtes nicht so annimmt, wie ein Kind, der wird nicht hin\u00adein\u00adkom\u00admen.<br>16 Und er nahm die Kin\u00adder in sei\u00adne Arme&nbsp;; dann leg\u00adte er ihnen die H\u00e4n\u00adde auf und seg\u00adne\u00adte&nbsp;sie.<\/p>\n<p>Mit die\u00adser Geschich\u00adte aus der Bibel gr\u00fc\u00ad\u00dfe ich Sie herzlich.<\/p>\n<p>Mein Name ist Gabrie\u00adle M\u00fcl\u00adler. Mit mei\u00adner Fami\u00adlie woh\u00adne ich in Hei\u00adden\u00adheim. Seit \u00fcber 25 Jah\u00adren brin\u00adge ich mich in die p\u00e4d\u00adago\u00adgi\u00adsche Arbeit im Kin\u00adder\u00adgar\u00adten\u00adbe\u00adreich ein und es macht mir gro\u00ad\u00dfe Freu\u00adde, Kin\u00adder im Vor\u00adschul\u00adal\u00adter zu beglei\u00adten. Dabei ist die Hal\u00adtung, die Jesus gegen\u00ad\u00fcber Kin\u00addern hat, ein gro\u00ad\u00dfes Vor\u00adbild f\u00fcr mich. Er begeg\u00adnet den Kin\u00addern freund\u00adlich und wert\u00adsch\u00e4t\u00adzend. Jesus stellt sie in den Mit\u00adtel\u00adpunkt, schenkt ihnen Auf\u00admerk\u00adsam\u00adkeit und nimmt sich Zeit f\u00fcr ihre Anlie\u00adgen. Die Geschich\u00adte zeigt, wie wert\u00advoll und wich\u00adtig Kin\u00adder in Got\u00adtes Augen sind und wie ver\u00adant\u00adwor\u00adtungs\u00advoll mei\u00adne Auf\u00adga\u00adbe&nbsp;ist.<\/p>\n<p>Die\u00adse Lie\u00adbe, Ach\u00adtung und Wert\u00adsch\u00e4t\u00adzung soll sich in unse\u00adrer Kin\u00adder\u00adta\u00adges\u00adst\u00e4t\u00adte wider\u00adspie\u00adgeln. Ver\u00adtrau\u00aden und Gebor\u00adgen\u00adheit sind Grund\u00adla\u00adgen f\u00fcr die Ent\u00adwick\u00adlung jedes Kin\u00addes und Vor\u00adaus\u00adset\u00adzung, damit Bil\u00addungs\u00adpro\u00adzes\u00adse statt\u00adfin\u00adden k\u00f6n\u00adnen. Die viel\u00adf\u00e4l\u00adti\u00adgen Bega\u00adbun\u00adgen berei\u00adchern unser t\u00e4g\u00adli\u00adches Mit\u00adein\u00adan\u00adder und es ist mir <a name=\"_GoBack\"><\/a>wich\u00adtig, jedes Kind mit sei\u00adnen indi\u00advi\u00addu\u00adel\u00adlen F\u00e4hig\u00adkei\u00adten und Inter\u00ades\u00adsen zu sch\u00e4t\u00adzen und zu f\u00f6r\u00addern. Es darf sei\u00adnen For\u00adscher\u00addrang sowie sei\u00adne Neu\u00adgier\u00adde nut\u00adzen, um sich die Welt zu erschlie\u00ad\u00dfen, damit es sich zu einer gefes\u00adtig\u00adten Per\u00ads\u00f6n\u00adlich\u00adkeit ent\u00adwi\u00adckeln kann. Sch\u00f6n ist es, dass wir in Gemein\u00adschaft von\u00adein\u00adan\u00adder ler\u00adnen, uns f\u00fcr\u00adein\u00adan\u00adder freu\u00aden, ermu\u00adti\u00adgen und unter\u00adst\u00fct\u00adzen aber auch bei Miss\u00aderfol\u00adgen, gegen\u00adsei\u00adti\u00adge Hil\u00adfe und Trost spenden.<\/p>\n<p>Mein gro\u00ad\u00dfer Wunsch f\u00fcr die Kin\u00adder ist, ihnen das Ver\u00adtrau\u00aden in Jesus Chris\u00adtus als Grund\u00adstein f\u00fcr ihr Leben ins Herz zu legen und die star\u00adke, sch\u00fct\u00adzen\u00adde und seg\u00adnen\u00adde Hand Got\u00adtes zu erfah\u00adren, die Halt und Sicher\u00adheit gibt, um den Her\u00adaus\u00adfor\u00adde\u00adrun\u00adgen ihrer Zukunft gewach\u00adsen zu&nbsp;sein.<\/p>\n<p>Lie\u00adbe Gr\u00fc\u00ad\u00dfe und Got\u00adtes&nbsp;Segen<\/p>\n<p>Ihre Gabrie\u00adle M\u00fcller<\/p>\n<p>[\/et_pb_text][\/et_pb_column][\/et_pb_row][\/et_pb_section]<\/p>\n","protected":false},"excerpt":{"rendered":"<p>Das KiTa-Team\u00adGa\u00adbrie\u00adle M\u00fcl\u00adler Lei\u00adtung Die Seg\u00adnung der Kin\u00adder&nbsp;: Mk. 10,13\u20131613 Da brach\u00adte man Kin\u00adder zu ihm, damit er ihnen die H\u00e4n\u00adde auf\u00adleg\u00adte. Die J\u00fcn\u00adger aber wie\u00adsen die Leu\u00adte schroff ab.14 [\u2026]<\/p>\n","protected":false},"author":1,"featured_media":0,"parent":0,"menu_order":0,"comment_status":"closed","ping_status":"closed","template":"","meta":{"_et_pb_use_builder":"on","_et_pb_old_content":"","_et_gb_content_width":"","inline_featured_image":false,"wp_typography_post_enhancements_disabled":false,"footnotes":""},"class_list":["post-2083","page","type-page","status-publish","hentry"],"yoast_head":"<!-- This site is optimized with the Yoast SEO plugin v27.3 - https:\/\/yoast.com\/product\/yoast-seo-wordpress\/ -->\n<title>Leitung &amp; Team - Kindertagesst\u00e4tte | Freie Evangelischen Schule und Kindertagesst\u00e4tte Heidenheim e. V.<\/title>\n<meta name=\"robots\" content=\"index, follow, max-snippet:-1, max-image-preview:large, max-video-preview:-1\" \/>\n<link rel=\"canonical\" href=\"https:\/\/fes-heidenheim.de\/kita\/team\/\" \/>\n<meta property=\"og:locale\" content=\"de_DE\" \/>\n<meta property=\"og:type\" content=\"article\" \/>\n<meta property=\"og:title\" content=\"Leitung &amp; Team - Kindertagesst\u00e4tte | Freie Evangelischen Schule und Kindertagesst\u00e4tte Heidenheim e. V.\" \/>\n<meta property=\"og:description\" content=\"Das KiTa-TeamGabriele M\u00fcller Leitung Die Segnung der Kinder: Mk. 10,13-1613 Da brachte man Kinder zu ihm, damit er ihnen die H\u00e4nde auflegte. Die J\u00fcnger aber wiesen die Leute schroff ab.14 [&hellip;]\" \/>\n<meta property=\"og:url\" content=\"https:\/\/fes-heidenheim.de\/kita\/team\/\" \/>\n<meta property=\"og:site_name\" content=\"Kindertagesst\u00e4tte | Freie Evangelischen Schule und Kindertagesst\u00e4tte Heidenheim e. V.\" \/>\n<meta property=\"article:modified_time\" content=\"2022-05-13T11:48:09+00:00\" \/>\n<meta name=\"twitter:card\" content=\"summary_large_image\" \/>\n<meta name=\"twitter:label1\" content=\"Gesch\u00e4tzte Lesezeit\" \/>\n\t<meta name=\"twitter:data1\" content=\"4\u00a0Minuten\" \/>\n<script type=\"application\/ld+json\" class=\"yoast-schema-graph\">{\"@context\":\"https:\\\/\\\/schema.org\",\"@graph\":[{\"@type\":\"WebPage\",\"@id\":\"https:\\\/\\\/fes-heidenheim.de\\\/kita\\\/team\\\/\",\"url\":\"https:\\\/\\\/fes-heidenheim.de\\\/kita\\\/team\\\/\",\"name\":\"Leitung & Team - Kindertagesst\u00e4tte | Freie Evangelischen Schule und Kindertagesst\u00e4tte Heidenheim e. V.\",\"isPartOf\":{\"@id\":\"https:\\\/\\\/fes-heidenheim.de\\\/kita\\\/#website\"},\"datePublished\":\"2021-10-03T06:23:53+00:00\",\"dateModified\":\"2022-05-13T11:48:09+00:00\",\"breadcrumb\":{\"@id\":\"https:\\\/\\\/fes-heidenheim.de\\\/kita\\\/team\\\/#breadcrumb\"},\"inLanguage\":\"de\",\"potentialAction\":[{\"@type\":\"ReadAction\",\"target\":[\"https:\\\/\\\/fes-heidenheim.de\\\/kita\\\/team\\\/\"]}]},{\"@type\":\"BreadcrumbList\",\"@id\":\"https:\\\/\\\/fes-heidenheim.de\\\/kita\\\/team\\\/#breadcrumb\",\"itemListElement\":[{\"@type\":\"ListItem\",\"position\":1,\"name\":\"Startseite\",\"item\":\"https:\\\/\\\/fes-heidenheim.de\\\/kita\\\/\"},{\"@type\":\"ListItem\",\"position\":2,\"name\":\"Lei\u00adtung &amp;&nbsp;Team\"}]},{\"@type\":\"WebSite\",\"@id\":\"https:\\\/\\\/fes-heidenheim.de\\\/kita\\\/#website\",\"url\":\"https:\\\/\\\/fes-heidenheim.de\\\/kita\\\/\",\"name\":\"Kindertagesst\u00e4tte | Freie Evangelischen Schule und Kindertagesst\u00e4tte Heidenheim e. V.\",\"description\":\"Du bist uns wichtig, hier bist du richtig!\",\"potentialAction\":[{\"@type\":\"SearchAction\",\"target\":{\"@type\":\"EntryPoint\",\"urlTemplate\":\"https:\\\/\\\/fes-heidenheim.de\\\/kita\\\/?s={search_term_string}\"},\"query-input\":{\"@type\":\"PropertyValueSpecification\",\"valueRequired\":true,\"valueName\":\"search_term_string\"}}],\"inLanguage\":\"de\"}]}<\/script>\n<!-- \/ Yoast SEO plugin. -->","yoast_head_json":{"title":"Leitung & Team - Kindertagesst\u00e4tte | Freie Evangelischen Schule und Kindertagesst\u00e4tte Heidenheim e. V.","robots":{"index":"index","follow":"follow","max-snippet":"max-snippet:-1","max-image-preview":"max-image-preview:large","max-video-preview":"max-video-preview:-1"},"canonical":"https:\/\/fes-heidenheim.de\/kita\/team\/","og_locale":"de_DE","og_type":"article","og_title":"Leitung & Team - Kindertagesst\u00e4tte | Freie Evangelischen Schule und Kindertagesst\u00e4tte Heidenheim e. V.","og_description":"Das KiTa-TeamGabriele M\u00fcller Leitung Die Segnung der Kinder: Mk. 10,13-1613 Da brachte man Kinder zu ihm, damit er ihnen die H\u00e4nde auflegte. Die J\u00fcnger aber wiesen die Leute schroff ab.14 [&hellip;]","og_url":"https:\/\/fes-heidenheim.de\/kita\/team\/","og_site_name":"Kindertagesst\u00e4tte | Freie Evangelischen Schule und Kindertagesst\u00e4tte Heidenheim e. V.","article_modified_time":"2022-05-13T11:48:09+00:00","twitter_card":"summary_large_image","twitter_misc":{"Gesch\u00e4tzte Lesezeit":"4\u00a0Minuten"},"schema":{"@context":"https:\/\/schema.org","@graph":[{"@type":"WebPage","@id":"https:\/\/fes-heidenheim.de\/kita\/team\/","url":"https:\/\/fes-heidenheim.de\/kita\/team\/","name":"Leitung & Team - Kindertagesst\u00e4tte | Freie Evangelischen Schule und Kindertagesst\u00e4tte Heidenheim e. V.","isPartOf":{"@id":"https:\/\/fes-heidenheim.de\/kita\/#website"},"datePublished":"2021-10-03T06:23:53+00:00","dateModified":"2022-05-13T11:48:09+00:00","breadcrumb":{"@id":"https:\/\/fes-heidenheim.de\/kita\/team\/#breadcrumb"},"inLanguage":"de","potentialAction":[{"@type":"ReadAction","target":["https:\/\/fes-heidenheim.de\/kita\/team\/"]}]},{"@type":"BreadcrumbList","@id":"https:\/\/fes-heidenheim.de\/kita\/team\/#breadcrumb","itemListElement":[{"@type":"ListItem","position":1,"name":"Startseite","item":"https:\/\/fes-heidenheim.de\/kita\/"},{"@type":"ListItem","position":2,"name":"Lei\u00adtung &amp;&nbsp;Team"}]},{"@type":"WebSite","@id":"https:\/\/fes-heidenheim.de\/kita\/#website","url":"https:\/\/fes-heidenheim.de\/kita\/","name":"Kindertagesst\u00e4tte | Freie Evangelischen Schule und Kindertagesst\u00e4tte Heidenheim e. V.","description":"Du bist uns wichtig, hier bist du richtig!","potentialAction":[{"@type":"SearchAction","target":{"@type":"EntryPoint","urlTemplate":"https:\/\/fes-heidenheim.de\/kita\/?s={search_term_string}"},"query-input":{"@type":"PropertyValueSpecification","valueRequired":true,"valueName":"search_term_string"}}],"inLanguage":"de"}]}},"_links":{"self":[{"href":"https:\/\/fes-heidenheim.de\/kita\/wp-json\/wp\/v2\/pages\/2083","targetHints":{"allow":["GET"]}}],"collection":[{"href":"https:\/\/fes-heidenheim.de\/kita\/wp-json\/wp\/v2\/pages"}],"about":[{"href":"https:\/\/fes-heidenheim.de\/kita\/wp-json\/wp\/v2\/types\/page"}],"author":[{"embeddable":true,"href":"https:\/\/fes-heidenheim.de\/kita\/wp-json\/wp\/v2\/users\/1"}],"replies":[{"embeddable":true,"href":"https:\/\/fes-heidenheim.de\/kita\/wp-json\/wp\/v2\/comments?post=2083"}],"version-history":[{"count":8,"href":"https:\/\/fes-heidenheim.de\/kita\/wp-json\/wp\/v2\/pages\/2083\/revisions"}],"predecessor-version":[{"id":238992,"href":"https:\/\/fes-heidenheim.de\/kita\/wp-json\/wp\/v2\/pages\/2083\/revisions\/238992"}],"wp:attachment":[{"href":"https:\/\/fes-heidenheim.de\/kita\/wp-json\/wp\/v2\/media?parent=2083"}],"curies":[{"name":"wp","href":"https:\/\/api.w.org\/{rel}","templated":true}]}}